{"id":1863,"date":"2025-11-13T17:47:45","date_gmt":"2025-11-13T14:47:45","guid":{"rendered":"https:\/\/donatti.md\/?post_type=product&#038;p=1863"},"modified":"2025-12-01T00:09:45","modified_gmt":"2025-11-30T21:09:45","slug":"set-de-ingrijire-baoba","status":"publish","type":"product","link":"https:\/\/donatti.md\/ru\/catalog\/home-care\/set-de-ingrijire-baoba\/","title":{"rendered":"Set de \u00eengrijire Baoba"},"content":{"rendered":"","protected":false},"excerpt":{"rendered":"<p>Formula sa con\u021bine diferite vitamine \u0219i siliconi care promoveaz\u0103 men\u021binerea tratamentul de reducere volumetric\u0103 si schimbul<br \/>\naminoacizilor.<br \/>\nHidrateaz\u0103, d\u00e2nd echilibru \u0219i str\u0103lucire p\u0103rului.<br \/>\n\u0218AMPON, 300ml<br \/>\n\u0421\u043f\u043e\u0441\u043e\u0431\u0441\u0442\u0432\u0443\u0435\u0442 \u0431\u0435\u0440\u0435\u0436\u043d\u043e\u043c\u0443 \u043e\u0447\u0438\u0449\u0435\u043d\u0438\u044e \u0432\u043e\u043b\u043e\u0441.<br \/>\nBALSAM, 300 ml<br \/>\nOfer\u0103 moliciune \u0219i hidratare. Prelunge\u0219te efectele tratamentului<br \/>\nprofesional al liniei Baob\u00e1<br \/>\nLEAVE IN, 300ml<br \/>\nFinisor cu efect hidratant, ofer\u0103 protec\u021bie, moliciune, control al<br \/>\nvolumului \u0219i str\u0103lucire f\u0103r\u0103 a l\u0103sa reziduuri.<br \/>\nIdeal pentru redarea str\u0103lucirii, mi\u0219c\u0103rii \u0219i schimbul lipidelor.<\/p>","protected":false},"featured_media":1864,"comment_status":"open","ping_status":"closed","template":"","meta":[],"product_brand":[],"product_cat":[148],"product_tag":[],"class_list":{"0":"post-1863","1":"product","2":"type-product","3":"status-publish","4":"has-post-thumbnail","6":"product_cat-home-care","8":"first","9":"instock","10":"shipping-taxable","11":"purchasable","12":"product-type-simple"},"_links":{"self":[{"href":"https:\/\/donatti.md\/ru\/wp-json\/wp\/v2\/product\/1863","targetHints":{"allow":["GET"]}}],"collection":[{"href":"https:\/\/donatti.md\/ru\/wp-json\/wp\/v2\/product"}],"about":[{"href":"https:\/\/donatti.md\/ru\/wp-json\/wp\/v2\/types\/product"}],"replies":[{"embeddable":true,"href":"https:\/\/donatti.md\/ru\/wp-json\/wp\/v2\/comments?post=1863"}],"wp:featuredmedia":[{"embeddable":true,"href":"https:\/\/donatti.md\/ru\/wp-json\/wp\/v2\/media\/1864"}],"wp:attachment":[{"href":"https:\/\/donatti.md\/ru\/wp-json\/wp\/v2\/media?parent=1863"}],"wp:term":[{"taxonomy":"product_brand","embeddable":true,"href":"https:\/\/donatti.md\/ru\/wp-json\/wp\/v2\/product_brand?post=1863"},{"taxonomy":"product_cat","embeddable":true,"href":"https:\/\/donatti.md\/ru\/wp-json\/wp\/v2\/product_cat?post=1863"},{"taxonomy":"product_tag","embeddable":true,"href":"https:\/\/donatti.md\/ru\/wp-json\/wp\/v2\/product_tag?post=1863"}],"curies":[{"name":"wp","href":"https:\/\/api.w.org\/{rel}","templated":true}]}}