{"id":1704,"date":"2024-09-01T20:39:22","date_gmt":"2024-09-01T17:39:22","guid":{"rendered":"https:\/\/donatti.md\/?post_type=product&#038;p=1704"},"modified":"2025-01-01T13:51:57","modified_gmt":"2025-01-01T10:51:57","slug":"set-de-ingrijire-dna","status":"publish","type":"product","link":"https:\/\/donatti.md\/ru\/catalog\/home-care\/set-de-ingrijire-dna\/","title":{"rendered":"Set de \u00eengrijire DNA"},"content":{"rendered":"","protected":false},"excerpt":{"rendered":"<p>Prelunge\u0219te rezultatele ob\u021binute cu linia profesional\u0103 DNA. Garanteaz\u0103 un p\u0103r mai luminos, mai protejat \u0219i mai moale.<br \/>\nRecomandat pentru p\u0103rul deteriorat, fara luciu \u0219i poros supus proceselor chimice.<\/p>","protected":false},"featured_media":1705,"comment_status":"open","ping_status":"closed","template":"","meta":[],"product_brand":[],"product_cat":[148],"product_tag":[],"class_list":{"0":"post-1704","1":"product","2":"type-product","3":"status-publish","4":"has-post-thumbnail","6":"product_cat-home-care","8":"first","9":"instock","10":"shipping-taxable","11":"purchasable","12":"product-type-simple"},"_links":{"self":[{"href":"https:\/\/donatti.md\/ru\/wp-json\/wp\/v2\/product\/1704","targetHints":{"allow":["GET"]}}],"collection":[{"href":"https:\/\/donatti.md\/ru\/wp-json\/wp\/v2\/product"}],"about":[{"href":"https:\/\/donatti.md\/ru\/wp-json\/wp\/v2\/types\/product"}],"replies":[{"embeddable":true,"href":"https:\/\/donatti.md\/ru\/wp-json\/wp\/v2\/comments?post=1704"}],"wp:featuredmedia":[{"embeddable":true,"href":"https:\/\/donatti.md\/ru\/wp-json\/wp\/v2\/media\/1705"}],"wp:attachment":[{"href":"https:\/\/donatti.md\/ru\/wp-json\/wp\/v2\/media?parent=1704"}],"wp:term":[{"taxonomy":"product_brand","embeddable":true,"href":"https:\/\/donatti.md\/ru\/wp-json\/wp\/v2\/product_brand?post=1704"},{"taxonomy":"product_cat","embeddable":true,"href":"https:\/\/donatti.md\/ru\/wp-json\/wp\/v2\/product_cat?post=1704"},{"taxonomy":"product_tag","embeddable":true,"href":"https:\/\/donatti.md\/ru\/wp-json\/wp\/v2\/product_tag?post=1704"}],"curies":[{"name":"wp","href":"https:\/\/api.w.org\/{rel}","templated":true}]}}