{"id":1702,"date":"2024-09-01T20:37:00","date_gmt":"2024-09-01T17:37:00","guid":{"rendered":"https:\/\/donatti.md\/?post_type=product&#038;p=1702"},"modified":"2025-01-01T13:53:05","modified_gmt":"2025-01-01T10:53:05","slug":"set-de-ingrijire-speciale","status":"publish","type":"product","link":"https:\/\/donatti.md\/ru\/catalog\/home-care\/set-de-ingrijire-speciale\/","title":{"rendered":"Set de \u00eengrijire SPECIALE"},"content":{"rendered":"","protected":false},"excerpt":{"rendered":"<p>Prelunge\u0219te rezultatele ob\u021binute cu utilizarea liniei profesionale SPECIALE care elimina toxinele din par, clorul, residuurile saline si metalele acumulate.<br \/>\nAcesta garanteaz\u0103 o mai bun\u0103 recuperare a fibrei de p\u0103r, de la cortex la cuticul\u0103, l\u0103s\u00e2nd parul u\u0219or de pieptanat, cu mai mult\u0103 str\u0103lucire \u0219i moliciune.<\/p>","protected":false},"featured_media":1703,"comment_status":"open","ping_status":"closed","template":"","meta":[],"product_brand":[],"product_cat":[148],"product_tag":[],"class_list":{"0":"post-1702","1":"product","2":"type-product","3":"status-publish","4":"has-post-thumbnail","6":"product_cat-home-care","8":"first","9":"instock","10":"shipping-taxable","11":"purchasable","12":"product-type-simple"},"_links":{"self":[{"href":"https:\/\/donatti.md\/ru\/wp-json\/wp\/v2\/product\/1702","targetHints":{"allow":["GET"]}}],"collection":[{"href":"https:\/\/donatti.md\/ru\/wp-json\/wp\/v2\/product"}],"about":[{"href":"https:\/\/donatti.md\/ru\/wp-json\/wp\/v2\/types\/product"}],"replies":[{"embeddable":true,"href":"https:\/\/donatti.md\/ru\/wp-json\/wp\/v2\/comments?post=1702"}],"wp:featuredmedia":[{"embeddable":true,"href":"https:\/\/donatti.md\/ru\/wp-json\/wp\/v2\/media\/1703"}],"wp:attachment":[{"href":"https:\/\/donatti.md\/ru\/wp-json\/wp\/v2\/media?parent=1702"}],"wp:term":[{"taxonomy":"product_brand","embeddable":true,"href":"https:\/\/donatti.md\/ru\/wp-json\/wp\/v2\/product_brand?post=1702"},{"taxonomy":"product_cat","embeddable":true,"href":"https:\/\/donatti.md\/ru\/wp-json\/wp\/v2\/product_cat?post=1702"},{"taxonomy":"product_tag","embeddable":true,"href":"https:\/\/donatti.md\/ru\/wp-json\/wp\/v2\/product_tag?post=1702"}],"curies":[{"name":"wp","href":"https:\/\/api.w.org\/{rel}","templated":true}]}}