{"id":1499,"date":"2024-06-26T10:08:25","date_gmt":"2024-06-26T07:08:25","guid":{"rendered":"https:\/\/donatti.md\/?post_type=product&#038;p=1499"},"modified":"2025-01-01T13:57:49","modified_gmt":"2025-01-01T10:57:49","slug":"soluzione-conditioner-maint","status":"publish","type":"product","link":"https:\/\/donatti.md\/ru\/catalog\/home-care\/soluzione-conditioner-maint\/","title":{"rendered":"SOLUZIONE CONDITIONER MAINT"},"content":{"rendered":"","protected":false},"excerpt":{"rendered":"<p>Creat pentru a hidrata \u00een profunzime cuticulele p\u0103rului deteriorat.<\/p>\n<p>Ideal pentru utilizare zilnic\u0103, ofer\u0103 o revitalizare intensiv\u0103 \u0219i protec\u021bie pentru a men\u021bine s\u0103n\u0103tatea \u0219i str\u0103lucirea natural\u0103.<\/p>\n<p>Ajut\u0103 la restabilirea elasticit\u0103\u021bii \u0219i a rezisten\u021bei fibrelor, reduc\u00e2nd aspectul uscat \u0219i fragil, restaur\u00e2nd aspectul m\u0103t\u0103sos \u0219i s\u0103n\u0103tos al p\u0103rului.<\/p>","protected":false},"featured_media":1500,"comment_status":"open","ping_status":"closed","template":"","meta":[],"product_brand":[],"product_cat":[148],"product_tag":[],"class_list":{"0":"post-1499","1":"product","2":"type-product","3":"status-publish","4":"has-post-thumbnail","6":"product_cat-home-care","8":"first","9":"outofstock","10":"shipping-taxable","11":"purchasable","12":"product-type-simple"},"_links":{"self":[{"href":"https:\/\/donatti.md\/ru\/wp-json\/wp\/v2\/product\/1499","targetHints":{"allow":["GET"]}}],"collection":[{"href":"https:\/\/donatti.md\/ru\/wp-json\/wp\/v2\/product"}],"about":[{"href":"https:\/\/donatti.md\/ru\/wp-json\/wp\/v2\/types\/product"}],"replies":[{"embeddable":true,"href":"https:\/\/donatti.md\/ru\/wp-json\/wp\/v2\/comments?post=1499"}],"wp:featuredmedia":[{"embeddable":true,"href":"https:\/\/donatti.md\/ru\/wp-json\/wp\/v2\/media\/1500"}],"wp:attachment":[{"href":"https:\/\/donatti.md\/ru\/wp-json\/wp\/v2\/media?parent=1499"}],"wp:term":[{"taxonomy":"product_brand","embeddable":true,"href":"https:\/\/donatti.md\/ru\/wp-json\/wp\/v2\/product_brand?post=1499"},{"taxonomy":"product_cat","embeddable":true,"href":"https:\/\/donatti.md\/ru\/wp-json\/wp\/v2\/product_cat?post=1499"},{"taxonomy":"product_tag","embeddable":true,"href":"https:\/\/donatti.md\/ru\/wp-json\/wp\/v2\/product_tag?post=1499"}],"curies":[{"name":"wp","href":"https:\/\/api.w.org\/{rel}","templated":true}]}}