{"id":1497,"date":"2024-06-26T10:06:43","date_gmt":"2024-06-26T07:06:43","guid":{"rendered":"https:\/\/donatti.md\/?post_type=product&#038;p=1497"},"modified":"2025-05-23T08:49:51","modified_gmt":"2025-05-23T05:49:51","slug":"soluzione-mask-maint","status":"publish","type":"product","link":"https:\/\/donatti.md\/ru\/catalog\/home-care\/soluzione-mask-maint\/","title":{"rendered":"SOLUZIONE MASK MAINT"},"content":{"rendered":"","protected":false},"excerpt":{"rendered":"<p>Con\u021bine agen\u021bi hr\u0103nitori ce ac\u021bioneaz\u0103 ca sigilatori naturali pentru cuticulele p\u0103rului.<\/p>\n<p>Formulat\u0103 pentru a facilita refacerea \u0219i hr\u0103nirea profund\u0103 a p\u0103rului deteriorat de tratamentele chimice.<\/p>\n<p>Poate fi utilizat\u0103 \u00een mod frecvent pentru a revitaliza \u0219i proteja p\u0103rul, conferindu-i o str\u0103lucire s\u0103n\u0103toas\u0103 \u0219i o textur\u0103 m\u0103t\u0103soas\u0103.<\/p>","protected":false},"featured_media":1498,"comment_status":"open","ping_status":"closed","template":"","meta":[],"product_brand":[],"product_cat":[148],"product_tag":[],"class_list":{"0":"post-1497","1":"product","2":"type-product","3":"status-publish","4":"has-post-thumbnail","6":"product_cat-home-care","8":"first","9":"instock","10":"shipping-taxable","11":"purchasable","12":"product-type-simple"},"_links":{"self":[{"href":"https:\/\/donatti.md\/ru\/wp-json\/wp\/v2\/product\/1497","targetHints":{"allow":["GET"]}}],"collection":[{"href":"https:\/\/donatti.md\/ru\/wp-json\/wp\/v2\/product"}],"about":[{"href":"https:\/\/donatti.md\/ru\/wp-json\/wp\/v2\/types\/product"}],"replies":[{"embeddable":true,"href":"https:\/\/donatti.md\/ru\/wp-json\/wp\/v2\/comments?post=1497"}],"wp:featuredmedia":[{"embeddable":true,"href":"https:\/\/donatti.md\/ru\/wp-json\/wp\/v2\/media\/1498"}],"wp:attachment":[{"href":"https:\/\/donatti.md\/ru\/wp-json\/wp\/v2\/media?parent=1497"}],"wp:term":[{"taxonomy":"product_brand","embeddable":true,"href":"https:\/\/donatti.md\/ru\/wp-json\/wp\/v2\/product_brand?post=1497"},{"taxonomy":"product_cat","embeddable":true,"href":"https:\/\/donatti.md\/ru\/wp-json\/wp\/v2\/product_cat?post=1497"},{"taxonomy":"product_tag","embeddable":true,"href":"https:\/\/donatti.md\/ru\/wp-json\/wp\/v2\/product_tag?post=1497"}],"curies":[{"name":"wp","href":"https:\/\/api.w.org\/{rel}","templated":true}]}}