{"id":1495,"date":"2024-06-26T10:04:36","date_gmt":"2024-06-26T07:04:36","guid":{"rendered":"https:\/\/donatti.md\/?post_type=product&#038;p=1495"},"modified":"2025-05-23T08:49:51","modified_gmt":"2025-05-23T05:49:51","slug":"soluzione-shampoo-maint","status":"publish","type":"product","link":"https:\/\/donatti.md\/ru\/catalog\/home-care\/soluzione-shampoo-maint\/","title":{"rendered":"SOLUZIONE SHAMPOO MAINT"},"content":{"rendered":"","protected":false},"excerpt":{"rendered":"<p>Cur\u0103\u021b\u0103 profund \u0219i eficient, perfect pentru \u00eendep\u0103rtarea reziduurilor l\u0103sate de tratamentele chimice.<\/p>\n<p>Delicat pentru uz zilnic, acest \u0219ampon poate fi utilizat regulat f\u0103r\u0103 a usca sau a irita scalpul.<\/p>\n<p>Contribuie la men\u021binerea echilibrului natural al pH-ului scalpului \u0219i p\u0103rului, asigur\u00e2ndu-le o s\u0103n\u0103tate \u0219i vitalitate optim\u0103.<\/p>","protected":false},"featured_media":1496,"comment_status":"open","ping_status":"closed","template":"","meta":[],"product_brand":[],"product_cat":[148],"product_tag":[],"class_list":{"0":"post-1495","1":"product","2":"type-product","3":"status-publish","4":"has-post-thumbnail","6":"product_cat-home-care","8":"first","9":"instock","10":"shipping-taxable","11":"purchasable","12":"product-type-simple"},"_links":{"self":[{"href":"https:\/\/donatti.md\/ru\/wp-json\/wp\/v2\/product\/1495","targetHints":{"allow":["GET"]}}],"collection":[{"href":"https:\/\/donatti.md\/ru\/wp-json\/wp\/v2\/product"}],"about":[{"href":"https:\/\/donatti.md\/ru\/wp-json\/wp\/v2\/types\/product"}],"replies":[{"embeddable":true,"href":"https:\/\/donatti.md\/ru\/wp-json\/wp\/v2\/comments?post=1495"}],"wp:featuredmedia":[{"embeddable":true,"href":"https:\/\/donatti.md\/ru\/wp-json\/wp\/v2\/media\/1496"}],"wp:attachment":[{"href":"https:\/\/donatti.md\/ru\/wp-json\/wp\/v2\/media?parent=1495"}],"wp:term":[{"taxonomy":"product_brand","embeddable":true,"href":"https:\/\/donatti.md\/ru\/wp-json\/wp\/v2\/product_brand?post=1495"},{"taxonomy":"product_cat","embeddable":true,"href":"https:\/\/donatti.md\/ru\/wp-json\/wp\/v2\/product_cat?post=1495"},{"taxonomy":"product_tag","embeddable":true,"href":"https:\/\/donatti.md\/ru\/wp-json\/wp\/v2\/product_tag?post=1495"}],"curies":[{"name":"wp","href":"https:\/\/api.w.org\/{rel}","templated":true}]}}