{"id":1485,"date":"2024-06-25T14:23:59","date_gmt":"2024-06-25T11:23:59","guid":{"rendered":"https:\/\/donatti.md\/?post_type=product&#038;p=1485"},"modified":"2025-10-07T14:04:08","modified_gmt":"2025-10-07T11:04:08","slug":"finisher-oro-60ml","status":"publish","type":"product","link":"https:\/\/donatti.md\/ru\/catalog\/aranjare\/finisher-oro-60ml\/","title":{"rendered":"FINISHER ORO \u2022 60ml"},"content":{"rendered":"","protected":false},"excerpt":{"rendered":"<p>Finisher-ul ORO de la Donatti Professionale ac\u021bioneaz\u0103 direct asupra firelor de p\u0103r, avantaj\u00e2nd restaurarea \u0219i repararea fibrelor deteriorate.<br \/>\nFavorizeaz\u0103 procesul de periere, ofer\u0103 str\u0103lucire \u0219i contur, asigur\u00e2nd flexibilitate \u0219i durabilitate aranj\u0103rii.<\/p>","protected":false},"featured_media":1486,"comment_status":"open","ping_status":"closed","template":"","meta":[],"product_brand":[],"product_cat":[147,142],"product_tag":[],"class_list":{"0":"post-1485","1":"product","2":"type-product","3":"status-publish","4":"has-post-thumbnail","6":"product_cat-aranjare","7":"product_cat-hidratare","9":"first","10":"outofstock","11":"shipping-taxable","12":"purchasable","13":"product-type-simple"},"_links":{"self":[{"href":"https:\/\/donatti.md\/ru\/wp-json\/wp\/v2\/product\/1485","targetHints":{"allow":["GET"]}}],"collection":[{"href":"https:\/\/donatti.md\/ru\/wp-json\/wp\/v2\/product"}],"about":[{"href":"https:\/\/donatti.md\/ru\/wp-json\/wp\/v2\/types\/product"}],"replies":[{"embeddable":true,"href":"https:\/\/donatti.md\/ru\/wp-json\/wp\/v2\/comments?post=1485"}],"wp:featuredmedia":[{"embeddable":true,"href":"https:\/\/donatti.md\/ru\/wp-json\/wp\/v2\/media\/1486"}],"wp:attachment":[{"href":"https:\/\/donatti.md\/ru\/wp-json\/wp\/v2\/media?parent=1485"}],"wp:term":[{"taxonomy":"product_brand","embeddable":true,"href":"https:\/\/donatti.md\/ru\/wp-json\/wp\/v2\/product_brand?post=1485"},{"taxonomy":"product_cat","embeddable":true,"href":"https:\/\/donatti.md\/ru\/wp-json\/wp\/v2\/product_cat?post=1485"},{"taxonomy":"product_tag","embeddable":true,"href":"https:\/\/donatti.md\/ru\/wp-json\/wp\/v2\/product_tag?post=1485"}],"curies":[{"name":"wp","href":"https:\/\/api.w.org\/{rel}","templated":true}]}}