{"id":1483,"date":"2024-06-25T14:19:08","date_gmt":"2024-06-25T11:19:08","guid":{"rendered":"https:\/\/donatti.md\/?post_type=product&#038;p=1483"},"modified":"2025-07-02T11:52:16","modified_gmt":"2025-07-02T08:52:16","slug":"mousse-styling-intenso-150ml","status":"publish","type":"product","link":"https:\/\/donatti.md\/ru\/catalog\/aranjare\/mousse-styling-intenso-150ml\/","title":{"rendered":"MOUSSE STYLING INTENSO 150ml"},"content":{"rendered":"","protected":false},"excerpt":{"rendered":"<p>Mousse Intense \u2013 Hair Texture Modeler are o aroma delicat\u0103 care \u00eembun\u0103t\u0103\u021be\u0219te starea emo\u021bional\u0103 a utilizatorului.<br \/>\nModeleaz\u0103 p\u0103rul f\u0103r\u0103 a-l rigidiza, \u00eenl\u0103tur\u00e2nd porozitatea, controleaz\u0103 u\u0219or volumul \u0219i las\u0103 \u0219uvi\u021bele flexibile \u0219i moi.<\/p>","protected":false},"featured_media":1484,"comment_status":"open","ping_status":"closed","template":"","meta":[],"product_brand":[],"product_cat":[147],"product_tag":[],"class_list":{"0":"post-1483","1":"product","2":"type-product","3":"status-publish","4":"has-post-thumbnail","6":"product_cat-aranjare","8":"first","9":"instock","10":"shipping-taxable","11":"purchasable","12":"product-type-simple"},"_links":{"self":[{"href":"https:\/\/donatti.md\/ru\/wp-json\/wp\/v2\/product\/1483","targetHints":{"allow":["GET"]}}],"collection":[{"href":"https:\/\/donatti.md\/ru\/wp-json\/wp\/v2\/product"}],"about":[{"href":"https:\/\/donatti.md\/ru\/wp-json\/wp\/v2\/types\/product"}],"replies":[{"embeddable":true,"href":"https:\/\/donatti.md\/ru\/wp-json\/wp\/v2\/comments?post=1483"}],"wp:featuredmedia":[{"embeddable":true,"href":"https:\/\/donatti.md\/ru\/wp-json\/wp\/v2\/media\/1484"}],"wp:attachment":[{"href":"https:\/\/donatti.md\/ru\/wp-json\/wp\/v2\/media?parent=1483"}],"wp:term":[{"taxonomy":"product_brand","embeddable":true,"href":"https:\/\/donatti.md\/ru\/wp-json\/wp\/v2\/product_brand?post=1483"},{"taxonomy":"product_cat","embeddable":true,"href":"https:\/\/donatti.md\/ru\/wp-json\/wp\/v2\/product_cat?post=1483"},{"taxonomy":"product_tag","embeddable":true,"href":"https:\/\/donatti.md\/ru\/wp-json\/wp\/v2\/product_tag?post=1483"}],"curies":[{"name":"wp","href":"https:\/\/api.w.org\/{rel}","templated":true}]}}