{"id":1352,"date":"2024-05-14T20:55:07","date_gmt":"2024-05-14T20:55:07","guid":{"rendered":"https:\/\/donatti.md\/?post_type=product&#038;p=1352"},"modified":"2026-04-23T15:56:48","modified_gmt":"2026-04-23T12:56:48","slug":"d-detox-argan-oil-prof-120g","status":"publish","type":"product","link":"https:\/\/donatti.md\/ru\/catalog\/hidratare\/d-detox-argan-oil-prof-120g\/","title":{"rendered":"DETOX ARGAN OIL PROF 120G"},"content":{"rendered":"","protected":false},"excerpt":{"rendered":"<p>ULEI DE ARGAN \u2022 120 ml<\/p>\n<p>\u00cenglob\u00e2nd un num\u0103r mare de unit\u0103\u021bi moleculare care \u00eei ofer\u0103 o capacitate ridicat\u0103 de lubrifiere \u0219i antioxidant\u0103, acesta faciliteaz\u0103 procesul anti-\u00eemb\u0103tr\u00e2nire, protejeaz\u0103 firele de p\u0103r \u0219i regenereaz\u0103 p\u0103rul deteriorat. Este o bun\u0103 barier\u0103 anti-umiditate \u0219i filtru de protec\u021bie \u00een timpul \u0219i dup\u0103 procesele de colorare. Aranjeaz\u0103 v\u00e2rfurile, revigoreaz\u0103, hidrateaz\u0103, prelunge\u0219te efectul p\u0103rului catifelat \u0219i reduce ondularea.<\/p>","protected":false},"featured_media":1353,"comment_status":"open","ping_status":"closed","template":"","meta":[],"product_brand":[],"product_cat":[142],"product_tag":[],"class_list":{"0":"post-1352","1":"product","2":"type-product","3":"status-publish","4":"has-post-thumbnail","6":"product_cat-hidratare","8":"first","9":"instock","10":"taxable","11":"shipping-taxable","12":"product-type-simple"},"_links":{"self":[{"href":"https:\/\/donatti.md\/ru\/wp-json\/wp\/v2\/product\/1352","targetHints":{"allow":["GET"]}}],"collection":[{"href":"https:\/\/donatti.md\/ru\/wp-json\/wp\/v2\/product"}],"about":[{"href":"https:\/\/donatti.md\/ru\/wp-json\/wp\/v2\/types\/product"}],"replies":[{"embeddable":true,"href":"https:\/\/donatti.md\/ru\/wp-json\/wp\/v2\/comments?post=1352"}],"wp:featuredmedia":[{"embeddable":true,"href":"https:\/\/donatti.md\/ru\/wp-json\/wp\/v2\/media\/1353"}],"wp:attachment":[{"href":"https:\/\/donatti.md\/ru\/wp-json\/wp\/v2\/media?parent=1352"}],"wp:term":[{"taxonomy":"product_brand","embeddable":true,"href":"https:\/\/donatti.md\/ru\/wp-json\/wp\/v2\/product_brand?post=1352"},{"taxonomy":"product_cat","embeddable":true,"href":"https:\/\/donatti.md\/ru\/wp-json\/wp\/v2\/product_cat?post=1352"},{"taxonomy":"product_tag","embeddable":true,"href":"https:\/\/donatti.md\/ru\/wp-json\/wp\/v2\/product_tag?post=1352"}],"curies":[{"name":"wp","href":"https:\/\/api.w.org\/{rel}","templated":true}]}}