{"id":1349,"date":"2024-05-14T20:50:24","date_gmt":"2024-05-14T20:50:24","guid":{"rendered":"https:\/\/donatti.md\/?post_type=product&#038;p=1349"},"modified":"2024-09-01T01:08:57","modified_gmt":"2024-08-31T22:08:57","slug":"d-the-ion-free-blond-prof-step-2-500g","status":"publish","type":"product","link":"https:\/\/donatti.md\/ru\/catalog\/protectie\/d-the-ion-free-blond-prof-step-2-500g\/","title":{"rendered":"THE ION FREE BLOND PROF STEP 2"},"content":{"rendered":"","protected":false},"excerpt":{"rendered":"<p>FREE BLOND \u2022 PASSO 2 \u2022 500 ml Ofer\u0103 \u00eengrijire intens\u0103 fibrei capilare \u0219i faciliteaz\u0103 reten\u021bia optim\u0103 a hidrat\u0103rii. Formulat cu un pH acid \u0219i agen\u021bi cationici, contribuie la echilibrul sarcinilor electrice \u0219i la reducerea ondul\u0103rii, pentru un p\u0103r mai neted \u0219i mai disciplinat. Con\u021bine tehnologia exclusiv\u0103 ox-free, capabil\u0103 s\u0103 \u00eendep\u0103rteze oxidan\u021bii \u0219i subprodusele de oxidare din \u00eentreaga fibra capilara, favoriz\u00e2nd formarea culorii dorite, evit\u00e2nd astfel deteriorarea colateral\u0103 \u0219i intensific\u00e2nd str\u0103lucirea.<\/p>","protected":false},"featured_media":1346,"comment_status":"open","ping_status":"closed","template":"","meta":[],"product_brand":[],"product_cat":[143],"product_tag":[],"class_list":{"0":"post-1349","1":"product","2":"type-product","3":"status-publish","4":"has-post-thumbnail","6":"product_cat-protectie","8":"first","9":"instock","10":"shipping-taxable","11":"product-type-simple"},"_links":{"self":[{"href":"https:\/\/donatti.md\/ru\/wp-json\/wp\/v2\/product\/1349","targetHints":{"allow":["GET"]}}],"collection":[{"href":"https:\/\/donatti.md\/ru\/wp-json\/wp\/v2\/product"}],"about":[{"href":"https:\/\/donatti.md\/ru\/wp-json\/wp\/v2\/types\/product"}],"replies":[{"embeddable":true,"href":"https:\/\/donatti.md\/ru\/wp-json\/wp\/v2\/comments?post=1349"}],"wp:featuredmedia":[{"embeddable":true,"href":"https:\/\/donatti.md\/ru\/wp-json\/wp\/v2\/media\/1346"}],"wp:attachment":[{"href":"https:\/\/donatti.md\/ru\/wp-json\/wp\/v2\/media?parent=1349"}],"wp:term":[{"taxonomy":"product_brand","embeddable":true,"href":"https:\/\/donatti.md\/ru\/wp-json\/wp\/v2\/product_brand?post=1349"},{"taxonomy":"product_cat","embeddable":true,"href":"https:\/\/donatti.md\/ru\/wp-json\/wp\/v2\/product_cat?post=1349"},{"taxonomy":"product_tag","embeddable":true,"href":"https:\/\/donatti.md\/ru\/wp-json\/wp\/v2\/product_tag?post=1349"}],"curies":[{"name":"wp","href":"https:\/\/api.w.org\/{rel}","templated":true}]}}