{"id":1344,"date":"2024-05-14T20:43:17","date_gmt":"2024-05-14T20:43:17","guid":{"rendered":"https:\/\/donatti.md\/?post_type=product&#038;p=1344"},"modified":"2025-06-27T14:11:57","modified_gmt":"2025-06-27T11:11:57","slug":"exfoliant-pentru-fata-si-scalp-250-ml","status":"publish","type":"product","link":"https:\/\/donatti.md\/ru\/catalog\/terapia-parului\/exfoliant-pentru-fata-si-scalp-250-ml\/","title":{"rendered":"EXFOLIANT PENTRU FA\u021a\u0102 \u0218I SCALP"},"content":{"rendered":"","protected":false},"excerpt":{"rendered":"<p>EXFOLIANT PENTRU FA\u021a\u0102 \u0218I SCALP 250 ML: Cu extracte naturale de JU\u00c1, JAMBU \u0219i ALOE VERA. Con\u021bine exfolian\u021bi pe baz\u0103 de coji de orez, o metod\u0103 biodegradabil\u0103 \u0219i durabil\u0103. Poate fi folosit pe scalp \u0219i fa\u021b\u0103, promov\u00e2nd re\u00eennoirea celulelor.<\/p>","protected":false},"featured_media":1341,"comment_status":"open","ping_status":"closed","template":"","meta":[],"product_brand":[],"product_cat":[149],"product_tag":[],"class_list":{"0":"post-1344","1":"product","2":"type-product","3":"status-publish","4":"has-post-thumbnail","6":"product_cat-terapia-parului","8":"first","9":"instock","10":"shipping-taxable","11":"purchasable","12":"product-type-simple"},"_links":{"self":[{"href":"https:\/\/donatti.md\/ru\/wp-json\/wp\/v2\/product\/1344","targetHints":{"allow":["GET"]}}],"collection":[{"href":"https:\/\/donatti.md\/ru\/wp-json\/wp\/v2\/product"}],"about":[{"href":"https:\/\/donatti.md\/ru\/wp-json\/wp\/v2\/types\/product"}],"replies":[{"embeddable":true,"href":"https:\/\/donatti.md\/ru\/wp-json\/wp\/v2\/comments?post=1344"}],"wp:featuredmedia":[{"embeddable":true,"href":"https:\/\/donatti.md\/ru\/wp-json\/wp\/v2\/media\/1341"}],"wp:attachment":[{"href":"https:\/\/donatti.md\/ru\/wp-json\/wp\/v2\/media?parent=1344"}],"wp:term":[{"taxonomy":"product_brand","embeddable":true,"href":"https:\/\/donatti.md\/ru\/wp-json\/wp\/v2\/product_brand?post=1344"},{"taxonomy":"product_cat","embeddable":true,"href":"https:\/\/donatti.md\/ru\/wp-json\/wp\/v2\/product_cat?post=1344"},{"taxonomy":"product_tag","embeddable":true,"href":"https:\/\/donatti.md\/ru\/wp-json\/wp\/v2\/product_tag?post=1344"}],"curies":[{"name":"wp","href":"https:\/\/api.w.org\/{rel}","templated":true}]}}