{"id":1343,"date":"2024-05-14T20:42:39","date_gmt":"2024-05-14T20:42:39","guid":{"rendered":"https:\/\/donatti.md\/?post_type=product&#038;p=1343"},"modified":"2024-06-26T10:56:16","modified_gmt":"2024-06-26T07:56:16","slug":"supliment-alimentar-de-vitamine-si-minerale","status":"publish","type":"product","link":"https:\/\/donatti.md\/ru\/catalog\/terapia-parului\/supliment-alimentar-de-vitamine-si-minerale\/","title":{"rendered":"\u041f\u0418\u0429\u0415\u0412\u0410\u042f \u0414\u041e\u0411\u0410\u0412\u041a\u0410 \u0412\u0418\u0422\u0410\u041c\u0418\u041d\u041e\u0412 \u0418 \u041c\u0418\u041d\u0415\u0420\u0410\u041b\u041e\u0412"},"content":{"rendered":"<p>30 de capsule de gel, f\u0103r\u0103 gluten, ajut\u0103 la \u00eent\u0103rirea \u0219i cre\u0219terea s\u0103n\u0103toas\u0103 a p\u0103rului, contribuind \u00een acela\u0219i timp la bun\u0103starea general\u0103 a pielii \u0219i unghiilor.<br \/>\nFiecare capsul\u0103 de gel con\u021bine 17 tipuri de vitamine \u0219i minerale care asigur\u0103 100% din valoarea zilnic\u0103.<\/p>","protected":false},"excerpt":{"rendered":"<p>30 de capsule de gel, FAR\u0102 GLUTEN, ajut\u0103 la \u00eent\u0103rirea \u0219i cre\u0219terea s\u0103n\u0103toas\u0103 a p\u0103rului, contribuind \u00een acela\u0219i timp la bun\u0103starea general\u0103 a pielii \u0219i unghiilor.<br \/>\nFiecare capsul\u0103 de gel con\u021bine 17 tipuri de vitamine \u0219i minerale care asigur\u0103 100% din valoarea zilnic\u0103.<\/p>","protected":false},"featured_media":1340,"comment_status":"open","ping_status":"closed","template":"","meta":[],"product_brand":[],"product_cat":[149],"product_tag":[],"class_list":{"0":"post-1343","1":"product","2":"type-product","3":"status-publish","4":"has-post-thumbnail","6":"product_cat-terapia-parului","8":"first","9":"outofstock","10":"shipping-taxable","11":"purchasable","12":"product-type-simple"},"_links":{"self":[{"href":"https:\/\/donatti.md\/ru\/wp-json\/wp\/v2\/product\/1343","targetHints":{"allow":["GET"]}}],"collection":[{"href":"https:\/\/donatti.md\/ru\/wp-json\/wp\/v2\/product"}],"about":[{"href":"https:\/\/donatti.md\/ru\/wp-json\/wp\/v2\/types\/product"}],"replies":[{"embeddable":true,"href":"https:\/\/donatti.md\/ru\/wp-json\/wp\/v2\/comments?post=1343"}],"wp:featuredmedia":[{"embeddable":true,"href":"https:\/\/donatti.md\/ru\/wp-json\/wp\/v2\/media\/1340"}],"wp:attachment":[{"href":"https:\/\/donatti.md\/ru\/wp-json\/wp\/v2\/media?parent=1343"}],"wp:term":[{"taxonomy":"product_brand","embeddable":true,"href":"https:\/\/donatti.md\/ru\/wp-json\/wp\/v2\/product_brand?post=1343"},{"taxonomy":"product_cat","embeddable":true,"href":"https:\/\/donatti.md\/ru\/wp-json\/wp\/v2\/product_cat?post=1343"},{"taxonomy":"product_tag","embeddable":true,"href":"https:\/\/donatti.md\/ru\/wp-json\/wp\/v2\/product_tag?post=1343"}],"curies":[{"name":"wp","href":"https:\/\/api.w.org\/{rel}","templated":true}]}}