{"id":1339,"date":"2024-05-14T20:41:59","date_gmt":"2024-05-14T20:41:59","guid":{"rendered":"https:\/\/donatti.md\/?post_type=product&#038;p=1339"},"modified":"2025-11-12T17:19:57","modified_gmt":"2025-11-12T14:19:57","slug":"tonic-anti-caderea-parului-50-ml","status":"publish","type":"product","link":"https:\/\/donatti.md\/ru\/catalog\/terapia-parului\/tonic-anti-caderea-parului-50-ml\/","title":{"rendered":"TONIC ANTI-C\u0102DEREA P\u0102RULUI"},"content":{"rendered":"","protected":false},"excerpt":{"rendered":"<p>VIGORE Tonic pentru p\u0103r anti-c\u0103dere,P\u0102R MAI PUTERNIC &amp; CRE\u0218TERE DE NOI FIRE.<\/p>\n<p>Creat pentru a \u00eent\u0103ri p\u0103rul de la r\u0103d\u0103cin\u0103 p\u00e2n\u0103 la v\u00e2rfuri.<br \/>\nAjut\u0103 la revitalizarea scalpului \u0219i stimuleaz\u0103 foliculii de p\u0103r, promov\u00e2nd cre\u0219terea de fire noi \u0219i s\u0103n\u0103toase.<\/p>\n<p>\u00cenregistrat la ANVISA, garant\u00e2nd siguran\u021ba \u0219i calitatea produsului.<br \/>\nEficacitate demonstrat\u0103 at\u00e2t prin studii clinice, c\u00e2t \u0219i prin feedback-ul pozitiv al utilizatorilor.<\/p>","protected":false},"featured_media":1342,"comment_status":"open","ping_status":"closed","template":"","meta":[],"product_brand":[],"product_cat":[149],"product_tag":[],"class_list":{"0":"post-1339","1":"product","2":"type-product","3":"status-publish","4":"has-post-thumbnail","6":"product_cat-terapia-parului","8":"first","9":"instock","10":"shipping-taxable","11":"purchasable","12":"product-type-simple"},"_links":{"self":[{"href":"https:\/\/donatti.md\/ru\/wp-json\/wp\/v2\/product\/1339","targetHints":{"allow":["GET"]}}],"collection":[{"href":"https:\/\/donatti.md\/ru\/wp-json\/wp\/v2\/product"}],"about":[{"href":"https:\/\/donatti.md\/ru\/wp-json\/wp\/v2\/types\/product"}],"replies":[{"embeddable":true,"href":"https:\/\/donatti.md\/ru\/wp-json\/wp\/v2\/comments?post=1339"}],"wp:featuredmedia":[{"embeddable":true,"href":"https:\/\/donatti.md\/ru\/wp-json\/wp\/v2\/media\/1342"}],"wp:attachment":[{"href":"https:\/\/donatti.md\/ru\/wp-json\/wp\/v2\/media?parent=1339"}],"wp:term":[{"taxonomy":"product_brand","embeddable":true,"href":"https:\/\/donatti.md\/ru\/wp-json\/wp\/v2\/product_brand?post=1339"},{"taxonomy":"product_cat","embeddable":true,"href":"https:\/\/donatti.md\/ru\/wp-json\/wp\/v2\/product_cat?post=1339"},{"taxonomy":"product_tag","embeddable":true,"href":"https:\/\/donatti.md\/ru\/wp-json\/wp\/v2\/product_tag?post=1339"}],"curies":[{"name":"wp","href":"https:\/\/api.w.org\/{rel}","templated":true}]}}