{"id":1338,"date":"2024-05-14T20:38:49","date_gmt":"2024-05-14T20:38:49","guid":{"rendered":"https:\/\/donatti.md\/?post_type=product&#038;p=1338"},"modified":"2026-02-09T11:53:19","modified_gmt":"2026-02-09T08:53:19","slug":"baoba-mask-maint","status":"publish","type":"product","link":"https:\/\/donatti.md\/ru\/catalog\/home-care\/baoba-mask-maint\/","title":{"rendered":"\u0423\u0425\u041e\u0414 \u0417\u0410 \u041c\u0410\u0421\u041a\u041e\u0419 \u0411\u0410\u041e\u0411\u0410"},"content":{"rendered":"","protected":false},"excerpt":{"rendered":"<p>Special formulat\u0103 pentru p\u0103rul tratat chimic.<br \/>\nOfer\u0103 o hidratare profund\u0103 \u0219i o alimentare intens\u0103, restabilind mi\u0219carea natural\u0103 \u0219i echilibrul lipidic al p\u0103rului.<br \/>\nRed\u0103 p\u0103rului str\u0103lucirea natural\u0103, elimin\u00e2nd aspectul tern \u0219i lipsit de via\u021b\u0103.<\/p>","protected":false},"featured_media":1336,"comment_status":"open","ping_status":"closed","template":"","meta":[],"product_brand":[],"product_cat":[148],"product_tag":[],"class_list":{"0":"post-1338","1":"product","2":"type-product","3":"status-publish","4":"has-post-thumbnail","6":"product_cat-home-care","8":"first","9":"instock","10":"shipping-taxable","11":"purchasable","12":"product-type-simple"},"_links":{"self":[{"href":"https:\/\/donatti.md\/ru\/wp-json\/wp\/v2\/product\/1338","targetHints":{"allow":["GET"]}}],"collection":[{"href":"https:\/\/donatti.md\/ru\/wp-json\/wp\/v2\/product"}],"about":[{"href":"https:\/\/donatti.md\/ru\/wp-json\/wp\/v2\/types\/product"}],"replies":[{"embeddable":true,"href":"https:\/\/donatti.md\/ru\/wp-json\/wp\/v2\/comments?post=1338"}],"wp:featuredmedia":[{"embeddable":true,"href":"https:\/\/donatti.md\/ru\/wp-json\/wp\/v2\/media\/1336"}],"wp:attachment":[{"href":"https:\/\/donatti.md\/ru\/wp-json\/wp\/v2\/media?parent=1338"}],"wp:term":[{"taxonomy":"product_brand","embeddable":true,"href":"https:\/\/donatti.md\/ru\/wp-json\/wp\/v2\/product_brand?post=1338"},{"taxonomy":"product_cat","embeddable":true,"href":"https:\/\/donatti.md\/ru\/wp-json\/wp\/v2\/product_cat?post=1338"},{"taxonomy":"product_tag","embeddable":true,"href":"https:\/\/donatti.md\/ru\/wp-json\/wp\/v2\/product_tag?post=1338"}],"curies":[{"name":"wp","href":"https:\/\/api.w.org\/{rel}","templated":true}]}}