{"id":1337,"date":"2024-05-14T20:38:03","date_gmt":"2024-05-14T20:38:03","guid":{"rendered":"https:\/\/donatti.md\/?post_type=product&#038;p=1337"},"modified":"2025-12-18T16:33:33","modified_gmt":"2025-12-18T13:33:33","slug":"baoba-leave-in-maint","status":"publish","type":"product","link":"https:\/\/donatti.md\/ru\/catalog\/home-care\/baoba-leave-in-maint\/","title":{"rendered":"\u0411\u0410\u041e\u0411\u0410 \u041e\u0422\u0425\u041e\u0414 \u0412 \u041e\u0421\u041d\u041e\u0412\u041d\u041e\u041c"},"content":{"rendered":"","protected":false},"excerpt":{"rendered":"<p>Finisher-ul ideal pentru a completa rutina de \u00eengrijire a p\u0103rului.<br \/>\nFormula p\u0103trunde ad\u00e2nc \u00een fibre, ofer\u0103 hidratare intens\u0103, catifelare \u0219i control al volumului, l\u0103s\u00e2nd p\u0103rul t\u0103u str\u0103lucitor \u0219i f\u0103r\u0103 reziduuri, men\u021bin\u00e2ndu-i elasticitatea \u0219i s\u0103n\u0103tatea.<\/p>","protected":false},"featured_media":1335,"comment_status":"open","ping_status":"closed","template":"","meta":[],"product_brand":[],"product_cat":[148],"product_tag":[],"class_list":{"0":"post-1337","1":"product","2":"type-product","3":"status-publish","4":"has-post-thumbnail","6":"product_cat-home-care","8":"first","9":"instock","10":"shipping-taxable","11":"purchasable","12":"product-type-simple"},"_links":{"self":[{"href":"https:\/\/donatti.md\/ru\/wp-json\/wp\/v2\/product\/1337","targetHints":{"allow":["GET"]}}],"collection":[{"href":"https:\/\/donatti.md\/ru\/wp-json\/wp\/v2\/product"}],"about":[{"href":"https:\/\/donatti.md\/ru\/wp-json\/wp\/v2\/types\/product"}],"replies":[{"embeddable":true,"href":"https:\/\/donatti.md\/ru\/wp-json\/wp\/v2\/comments?post=1337"}],"wp:featuredmedia":[{"embeddable":true,"href":"https:\/\/donatti.md\/ru\/wp-json\/wp\/v2\/media\/1335"}],"wp:attachment":[{"href":"https:\/\/donatti.md\/ru\/wp-json\/wp\/v2\/media?parent=1337"}],"wp:term":[{"taxonomy":"product_brand","embeddable":true,"href":"https:\/\/donatti.md\/ru\/wp-json\/wp\/v2\/product_brand?post=1337"},{"taxonomy":"product_cat","embeddable":true,"href":"https:\/\/donatti.md\/ru\/wp-json\/wp\/v2\/product_cat?post=1337"},{"taxonomy":"product_tag","embeddable":true,"href":"https:\/\/donatti.md\/ru\/wp-json\/wp\/v2\/product_tag?post=1337"}],"curies":[{"name":"wp","href":"https:\/\/api.w.org\/{rel}","templated":true}]}}