{"id":1333,"date":"2024-05-14T20:37:35","date_gmt":"2024-05-14T20:37:35","guid":{"rendered":"https:\/\/donatti.md\/?post_type=product&#038;p=1333"},"modified":"2025-10-14T14:31:11","modified_gmt":"2025-10-14T11:31:11","slug":"baoba-balsamo-maint","status":"publish","type":"product","link":"https:\/\/donatti.md\/ru\/catalog\/home-care\/baoba-balsamo-maint\/","title":{"rendered":"\u0411\u0410\u041b\u042c\u0417\u0410\u041c \u0411\u0410\u041e\u0411\u0410 \u0414\u041b\u042f \u0423\u0425\u041e\u0414\u0410"},"content":{"rendered":"","protected":false},"excerpt":{"rendered":"<p>Formulat pentru a oferi catifelare \u0219i hidratare profund\u0103, prelunge\u0219te efectele tratamentului profesional al liniei Baob\u00e1 Reduce, men\u021bin\u00e2nd p\u0103rul moale, str\u0103lucitor \u0219i s\u0103n\u0103tos.<\/p>\n<p>Textura sa cremoas\u0103 \u0219i bogat\u0103 ofer\u0103 p\u0103rului o catifelare imediat\u0103, f\u0103r\u0103 s\u0103 \u00eencarce sau s\u0103 lase urme grele.<\/p>","protected":false},"featured_media":1334,"comment_status":"open","ping_status":"closed","template":"","meta":[],"product_brand":[],"product_cat":[148],"product_tag":[],"class_list":{"0":"post-1333","1":"product","2":"type-product","3":"status-publish","4":"has-post-thumbnail","6":"product_cat-home-care","8":"first","9":"outofstock","10":"shipping-taxable","11":"purchasable","12":"product-type-simple"},"_links":{"self":[{"href":"https:\/\/donatti.md\/ru\/wp-json\/wp\/v2\/product\/1333","targetHints":{"allow":["GET"]}}],"collection":[{"href":"https:\/\/donatti.md\/ru\/wp-json\/wp\/v2\/product"}],"about":[{"href":"https:\/\/donatti.md\/ru\/wp-json\/wp\/v2\/types\/product"}],"replies":[{"embeddable":true,"href":"https:\/\/donatti.md\/ru\/wp-json\/wp\/v2\/comments?post=1333"}],"wp:featuredmedia":[{"embeddable":true,"href":"https:\/\/donatti.md\/ru\/wp-json\/wp\/v2\/media\/1334"}],"wp:attachment":[{"href":"https:\/\/donatti.md\/ru\/wp-json\/wp\/v2\/media?parent=1333"}],"wp:term":[{"taxonomy":"product_brand","embeddable":true,"href":"https:\/\/donatti.md\/ru\/wp-json\/wp\/v2\/product_brand?post=1333"},{"taxonomy":"product_cat","embeddable":true,"href":"https:\/\/donatti.md\/ru\/wp-json\/wp\/v2\/product_cat?post=1333"},{"taxonomy":"product_tag","embeddable":true,"href":"https:\/\/donatti.md\/ru\/wp-json\/wp\/v2\/product_tag?post=1333"}],"curies":[{"name":"wp","href":"https:\/\/api.w.org\/{rel}","templated":true}]}}