{"id":1327,"date":"2024-05-14T20:33:49","date_gmt":"2024-05-14T20:33:49","guid":{"rendered":"https:\/\/donatti.md\/?post_type=product&#038;p=1327"},"modified":"2025-11-30T18:18:01","modified_gmt":"2025-11-30T15:18:01","slug":"restauratti-up-mask-maint","status":"publish","type":"product","link":"https:\/\/donatti.md\/ru\/catalog\/home-care\/restauratti-up-mask-maint\/","title":{"rendered":"\u0412\u041e\u0421\u0421\u0422\u0410\u041d\u041e\u0412\u041b\u0415\u041d\u0418\u0415 \u041c\u0410\u0421\u041a\u0418"},"content":{"rendered":"","protected":false},"excerpt":{"rendered":"<p>Cu sistemul cationic ecologic exclusiv Pro.Film, aceast\u0103 formul\u0103 revolu\u021bionar\u0103 con\u021bine ingrediente active 100% naturale, ce ofer\u0103 o putere emolient\u0103 excep\u021bional\u0103.<\/p>\n<p>Pro.Film asigur\u0103 o descurcare instantanee, \u00eentinerire a p\u0103rului \u0219i o str\u0103lucire intens\u0103, transform\u00e2nd p\u0103rul uscat \u0219i deteriorat \u00eentr-o textur\u0103 moale \u0219i m\u0103t\u0103soas\u0103.<\/p>\n<p>Ingredientele naturale\u00a0 ofer\u0103 o hidratare profund\u0103, prevenind deshidratarea \u0219i fragilitatea p\u0103rului. Promoveaz\u0103 men\u021binerea prelungit\u0103 a regener\u0103rii interne \u0219i externe a p\u0103rului, ajut\u00e2nd la recuperarea elasticit\u0103\u021bii fibrei de p\u0103r.<\/p>\n<p>Formula inovatoare contribuie la \u00eentinerirea p\u0103rului, f\u0103c\u00e2ndu-l s\u0103 par\u0103 mai t\u00e2n\u0103r \u0219i mai vibrant. Efectul de \u00eentinerire este ob\u021binut prin nutrien\u021bii activi care repar\u0103 daunele cauzate de factori externi \u0219i procese chimice, restaur\u00e2nd vitalitatea \u0219i s\u0103n\u0103tatea p\u0103rului.<\/p>","protected":false},"featured_media":1329,"comment_status":"open","ping_status":"closed","template":"","meta":[],"product_brand":[],"product_cat":[148],"product_tag":[],"class_list":{"0":"post-1327","1":"product","2":"type-product","3":"status-publish","4":"has-post-thumbnail","6":"product_cat-home-care","8":"first","9":"instock","10":"shipping-taxable","11":"purchasable","12":"product-type-simple"},"_links":{"self":[{"href":"https:\/\/donatti.md\/ru\/wp-json\/wp\/v2\/product\/1327","targetHints":{"allow":["GET"]}}],"collection":[{"href":"https:\/\/donatti.md\/ru\/wp-json\/wp\/v2\/product"}],"about":[{"href":"https:\/\/donatti.md\/ru\/wp-json\/wp\/v2\/types\/product"}],"replies":[{"embeddable":true,"href":"https:\/\/donatti.md\/ru\/wp-json\/wp\/v2\/comments?post=1327"}],"wp:featuredmedia":[{"embeddable":true,"href":"https:\/\/donatti.md\/ru\/wp-json\/wp\/v2\/media\/1329"}],"wp:attachment":[{"href":"https:\/\/donatti.md\/ru\/wp-json\/wp\/v2\/media?parent=1327"}],"wp:term":[{"taxonomy":"product_brand","embeddable":true,"href":"https:\/\/donatti.md\/ru\/wp-json\/wp\/v2\/product_brand?post=1327"},{"taxonomy":"product_cat","embeddable":true,"href":"https:\/\/donatti.md\/ru\/wp-json\/wp\/v2\/product_cat?post=1327"},{"taxonomy":"product_tag","embeddable":true,"href":"https:\/\/donatti.md\/ru\/wp-json\/wp\/v2\/product_tag?post=1327"}],"curies":[{"name":"wp","href":"https:\/\/api.w.org\/{rel}","templated":true}]}}