{"id":1326,"date":"2024-05-14T20:30:55","date_gmt":"2024-05-14T20:30:55","guid":{"rendered":"https:\/\/donatti.md\/?post_type=product&#038;p=1326"},"modified":"2026-04-23T16:03:42","modified_gmt":"2026-04-23T13:03:42","slug":"restauratti-up-leave-in-maint","status":"publish","type":"product","link":"https:\/\/donatti.md\/ru\/catalog\/home-care\/restauratti-up-leave-in-maint\/","title":{"rendered":"\u0412\u041e\u0421\u0421\u0422\u0410\u041d\u041e\u0412\u041b\u0415\u041d\u0418\u0415 \u041e\u0422\u041f\u0423\u0421\u041a\u0410 \u0412 \u041e\u0421\u041d\u041e\u0412\u041d\u041e\u041c"},"content":{"rendered":"","protected":false},"excerpt":{"rendered":"<p>Regleaz\u0103 sarcina electric\u0103 de pe p\u0103r, rafin\u00e2nd tratamentul, elimin\u00e2nd \u00eencre\u021birea \u0219i intensific\u00e2nd str\u0103lucirea.<\/p>\n<p>Ideal pentru utilizare zilnic\u0103, asigur\u0103 protec\u021bia \u0219i \u00eengrijirea necesar\u0103 pentru a men\u021bine p\u0103rul \u00een cea mai bun\u0103 form\u0103.<\/p>\n<p>Utilizarea constant\u0103 contribuie la men\u021binerea s\u0103n\u0103t\u0103\u021bii \u0219i frumuse\u021bii p\u0103rului, prevenind deteriorarea \u0219i asigur\u00e2ndu-i o hidratare permanent\u0103.<\/p>\n<p><strong>\u00a0<\/strong><\/p>","protected":false},"featured_media":1328,"comment_status":"open","ping_status":"closed","template":"","meta":[],"product_brand":[],"product_cat":[148],"product_tag":[],"class_list":{"0":"post-1326","1":"product","2":"type-product","3":"status-publish","4":"has-post-thumbnail","6":"product_cat-home-care","8":"first","9":"instock","10":"taxable","11":"shipping-taxable","12":"purchasable","13":"product-type-simple"},"_links":{"self":[{"href":"https:\/\/donatti.md\/ru\/wp-json\/wp\/v2\/product\/1326","targetHints":{"allow":["GET"]}}],"collection":[{"href":"https:\/\/donatti.md\/ru\/wp-json\/wp\/v2\/product"}],"about":[{"href":"https:\/\/donatti.md\/ru\/wp-json\/wp\/v2\/types\/product"}],"replies":[{"embeddable":true,"href":"https:\/\/donatti.md\/ru\/wp-json\/wp\/v2\/comments?post=1326"}],"wp:featuredmedia":[{"embeddable":true,"href":"https:\/\/donatti.md\/ru\/wp-json\/wp\/v2\/media\/1328"}],"wp:attachment":[{"href":"https:\/\/donatti.md\/ru\/wp-json\/wp\/v2\/media?parent=1326"}],"wp:term":[{"taxonomy":"product_brand","embeddable":true,"href":"https:\/\/donatti.md\/ru\/wp-json\/wp\/v2\/product_brand?post=1326"},{"taxonomy":"product_cat","embeddable":true,"href":"https:\/\/donatti.md\/ru\/wp-json\/wp\/v2\/product_cat?post=1326"},{"taxonomy":"product_tag","embeddable":true,"href":"https:\/\/donatti.md\/ru\/wp-json\/wp\/v2\/product_tag?post=1326"}],"curies":[{"name":"wp","href":"https:\/\/api.w.org\/{rel}","templated":true}]}}