{"id":1322,"date":"2024-05-14T20:30:21","date_gmt":"2024-05-14T20:30:21","guid":{"rendered":"https:\/\/donatti.md\/?post_type=product&#038;p=1322"},"modified":"2025-11-30T18:18:01","modified_gmt":"2025-11-30T15:18:01","slug":"restauratti-up-shampoo-maint","status":"publish","type":"product","link":"https:\/\/donatti.md\/ru\/catalog\/home-care\/restauratti-up-shampoo-maint\/","title":{"rendered":"\u0428\u0410\u041c\u041f\u0423\u041d\u042c RESTORE UP MAINT"},"content":{"rendered":"","protected":false},"excerpt":{"rendered":"<p>Formula inovatoare asigur\u0103 o cur\u0103\u021bare bl\u00e2nd\u0103 \u0219i eficient\u0103 a p\u0103rului \u0219i scalpului, \u00eendep\u0103rt\u00e2nd impurit\u0103\u021bile f\u0103r\u0103 a elimina uleiurile naturale esen\u021biale. Procesul delicat preg\u0103te\u0219te p\u0103rul pentru hidratare optim\u0103, prevenind uscarea \u0219i men\u021bin\u00e2nd echilibrul hidric al p\u0103rului.<\/p>\n<p>Special conceput pentru a sus\u021bine regenerarea at\u00e2t la nivelul cortexului, c\u00e2t \u0219i la nivelul cuticulei p\u0103rului. Ingredientele active p\u0103trund \u00een profunzime, repar\u00e2nd \u0219i fortific\u00e2nd structura intern\u0103 a p\u0103rului, \u00een timp ce protejeaz\u0103 \u0219i neteze\u0219te suprafa\u021ba exterioar\u0103. Acest proces de regenerare dubl\u0103 ajut\u0103 la men\u021binerea s\u0103n\u0103t\u0103\u021bii \u0219i a integrit\u0103\u021bii p\u0103rului pe termen lung.<\/p>\n<p>Produsul con\u021bine agen\u021bi de \u00eent\u0103rire \u0219i flexibilitate care contribuie la restabilirea elasticit\u0103\u021bii naturale a fibrei de p\u0103r.<\/p>","protected":false},"featured_media":1330,"comment_status":"open","ping_status":"closed","template":"","meta":[],"product_brand":[],"product_cat":[148],"product_tag":[],"class_list":{"0":"post-1322","1":"product","2":"type-product","3":"status-publish","4":"has-post-thumbnail","6":"product_cat-home-care","8":"first","9":"instock","10":"shipping-taxable","11":"purchasable","12":"product-type-simple"},"_links":{"self":[{"href":"https:\/\/donatti.md\/ru\/wp-json\/wp\/v2\/product\/1322","targetHints":{"allow":["GET"]}}],"collection":[{"href":"https:\/\/donatti.md\/ru\/wp-json\/wp\/v2\/product"}],"about":[{"href":"https:\/\/donatti.md\/ru\/wp-json\/wp\/v2\/types\/product"}],"replies":[{"embeddable":true,"href":"https:\/\/donatti.md\/ru\/wp-json\/wp\/v2\/comments?post=1322"}],"wp:featuredmedia":[{"embeddable":true,"href":"https:\/\/donatti.md\/ru\/wp-json\/wp\/v2\/media\/1330"}],"wp:attachment":[{"href":"https:\/\/donatti.md\/ru\/wp-json\/wp\/v2\/media?parent=1322"}],"wp:term":[{"taxonomy":"product_brand","embeddable":true,"href":"https:\/\/donatti.md\/ru\/wp-json\/wp\/v2\/product_brand?post=1322"},{"taxonomy":"product_cat","embeddable":true,"href":"https:\/\/donatti.md\/ru\/wp-json\/wp\/v2\/product_cat?post=1322"},{"taxonomy":"product_tag","embeddable":true,"href":"https:\/\/donatti.md\/ru\/wp-json\/wp\/v2\/product_tag?post=1322"}],"curies":[{"name":"wp","href":"https:\/\/api.w.org\/{rel}","templated":true}]}}