{"id":1321,"date":"2024-05-14T20:27:45","date_gmt":"2024-05-14T20:27:45","guid":{"rendered":"https:\/\/donatti.md\/?post_type=product&#038;p=1321"},"modified":"2026-01-02T15:01:10","modified_gmt":"2026-01-02T12:01:10","slug":"dna-leave-in-maint","status":"publish","type":"product","link":"https:\/\/donatti.md\/ru\/catalog\/home-care\/dna-leave-in-maint\/","title":{"rendered":"\u041c\u0418\u0421\u0421\u0418\u0421 \u041e\u0421\u0422\u0410\u0412\u042c\u0422\u0415\u0421\u042c \u0412 \u041e\u0411\u0421\u041b\u0423\u0416\u0418\u0412\u0410\u041d\u0418\u0418."},"content":{"rendered":"","protected":false},"excerpt":{"rendered":"<p>Formula noastr\u0103 avansat\u0103 faciliteaz\u0103 piept\u0103narea at\u00e2t pe p\u0103rul uscat, c\u00e2t \u0219i pe cel umed, oferind protec\u021bie adi\u021bional\u0103 p\u0103rului.<\/p>\n<p>Contribuie la men\u021binerea rezultatelor ob\u021binute cu linia profesional\u0103 pentru o perioad\u0103 mai lung\u0103 de timp.<\/p>\n<p>Asigur\u0103 un p\u0103r mai str\u0103lucitor, mai protejat \u0219i mai moale, ideal pentru p\u0103rul deteriorat, lipsit de luciu \u0219i poros, afectat de procesele chimice.<\/p>","protected":false},"featured_media":1317,"comment_status":"open","ping_status":"closed","template":"","meta":[],"product_brand":[],"product_cat":[148],"product_tag":[],"class_list":{"0":"post-1321","1":"product","2":"type-product","3":"status-publish","4":"has-post-thumbnail","6":"product_cat-home-care","8":"first","9":"instock","10":"shipping-taxable","11":"purchasable","12":"product-type-simple"},"_links":{"self":[{"href":"https:\/\/donatti.md\/ru\/wp-json\/wp\/v2\/product\/1321","targetHints":{"allow":["GET"]}}],"collection":[{"href":"https:\/\/donatti.md\/ru\/wp-json\/wp\/v2\/product"}],"about":[{"href":"https:\/\/donatti.md\/ru\/wp-json\/wp\/v2\/types\/product"}],"replies":[{"embeddable":true,"href":"https:\/\/donatti.md\/ru\/wp-json\/wp\/v2\/comments?post=1321"}],"wp:featuredmedia":[{"embeddable":true,"href":"https:\/\/donatti.md\/ru\/wp-json\/wp\/v2\/media\/1317"}],"wp:attachment":[{"href":"https:\/\/donatti.md\/ru\/wp-json\/wp\/v2\/media?parent=1321"}],"wp:term":[{"taxonomy":"product_brand","embeddable":true,"href":"https:\/\/donatti.md\/ru\/wp-json\/wp\/v2\/product_brand?post=1321"},{"taxonomy":"product_cat","embeddable":true,"href":"https:\/\/donatti.md\/ru\/wp-json\/wp\/v2\/product_cat?post=1321"},{"taxonomy":"product_tag","embeddable":true,"href":"https:\/\/donatti.md\/ru\/wp-json\/wp\/v2\/product_tag?post=1321"}],"curies":[{"name":"wp","href":"https:\/\/api.w.org\/{rel}","templated":true}]}}