{"id":1320,"date":"2024-05-14T20:27:16","date_gmt":"2024-05-14T20:27:16","guid":{"rendered":"https:\/\/donatti.md\/?post_type=product&#038;p=1320"},"modified":"2025-08-20T13:02:42","modified_gmt":"2025-08-20T10:02:42","slug":"dna-mask-maint","status":"publish","type":"product","link":"https:\/\/donatti.md\/ru\/catalog\/home-care\/dna-mask-maint\/","title":{"rendered":"\u041e\u0411\u0421\u041b\u0423\u0416\u0418\u0412\u0410\u041d\u0418\u0415 \u0414\u041d\u041a-\u041c\u0410\u0421\u041a\u0418"},"content":{"rendered":"","protected":false},"excerpt":{"rendered":"<p>Ajut\u0103 la men\u021binerea echilibrului lipidic al p\u0103rului.<\/p>\n<p>Fortific\u0103 \u0219i prelunge\u0219te efectele ob\u021binute cu produsele din linia profesional\u0103.<\/p>\n<p>Asigur\u0103 p\u0103rului o str\u0103lucire crescut\u0103, protec\u021bie sporit\u0103 \u0219i o textur\u0103 mai moale. Ideal pentru p\u0103rul deteriorat, lipsit de luciu \u0219i poros, supus tratamentelor chimice.<\/p>","protected":false},"featured_media":1318,"comment_status":"open","ping_status":"closed","template":"","meta":[],"product_brand":[],"product_cat":[148],"product_tag":[],"class_list":{"0":"post-1320","1":"product","2":"type-product","3":"status-publish","4":"has-post-thumbnail","6":"product_cat-home-care","8":"first","9":"instock","10":"shipping-taxable","11":"purchasable","12":"product-type-simple"},"_links":{"self":[{"href":"https:\/\/donatti.md\/ru\/wp-json\/wp\/v2\/product\/1320","targetHints":{"allow":["GET"]}}],"collection":[{"href":"https:\/\/donatti.md\/ru\/wp-json\/wp\/v2\/product"}],"about":[{"href":"https:\/\/donatti.md\/ru\/wp-json\/wp\/v2\/types\/product"}],"replies":[{"embeddable":true,"href":"https:\/\/donatti.md\/ru\/wp-json\/wp\/v2\/comments?post=1320"}],"wp:featuredmedia":[{"embeddable":true,"href":"https:\/\/donatti.md\/ru\/wp-json\/wp\/v2\/media\/1318"}],"wp:attachment":[{"href":"https:\/\/donatti.md\/ru\/wp-json\/wp\/v2\/media?parent=1320"}],"wp:term":[{"taxonomy":"product_brand","embeddable":true,"href":"https:\/\/donatti.md\/ru\/wp-json\/wp\/v2\/product_brand?post=1320"},{"taxonomy":"product_cat","embeddable":true,"href":"https:\/\/donatti.md\/ru\/wp-json\/wp\/v2\/product_cat?post=1320"},{"taxonomy":"product_tag","embeddable":true,"href":"https:\/\/donatti.md\/ru\/wp-json\/wp\/v2\/product_tag?post=1320"}],"curies":[{"name":"wp","href":"https:\/\/api.w.org\/{rel}","templated":true}]}}