{"id":1316,"date":"2024-05-14T20:26:44","date_gmt":"2024-05-14T20:26:44","guid":{"rendered":"https:\/\/donatti.md\/?post_type=product&#038;p=1316"},"modified":"2026-01-27T00:01:43","modified_gmt":"2026-01-26T21:01:43","slug":"dna-shampoo-maint","status":"publish","type":"product","link":"https:\/\/donatti.md\/ru\/catalog\/home-care\/dna-shampoo-maint\/","title":{"rendered":"\u041b\u0410 \u0428\u0410\u041c\u041f\u0423\u041d\u042c \u0414\u041b\u042f \u041e\u0411\u0421\u041b\u0423\u0416\u0418\u0412\u0410\u041d\u0418\u042f"},"content":{"rendered":"","protected":false},"excerpt":{"rendered":"<p>\u00cengrije\u0219te \u0219i protejeaz\u0103 p\u0103rul, men\u021bin\u00e2nd efectele ob\u021binute cu produsele din linia profesional\u0103.<\/p>\n<p>Asigur\u0103 p\u0103rului o str\u0103lucire crescut\u0103, protec\u021bie sporit\u0103 \u0219i o textur\u0103 mai moale.<\/p>\n<p>Recomandat pentru p\u0103rul deteriorat, lipsit de luciu \u0219i poros, supus tratamentelor chimice.<\/p>","protected":false},"featured_media":1319,"comment_status":"open","ping_status":"closed","template":"","meta":[],"product_brand":[],"product_cat":[148],"product_tag":[],"class_list":{"0":"post-1316","1":"product","2":"type-product","3":"status-publish","4":"has-post-thumbnail","6":"product_cat-home-care","8":"first","9":"instock","10":"shipping-taxable","11":"purchasable","12":"product-type-simple"},"_links":{"self":[{"href":"https:\/\/donatti.md\/ru\/wp-json\/wp\/v2\/product\/1316","targetHints":{"allow":["GET"]}}],"collection":[{"href":"https:\/\/donatti.md\/ru\/wp-json\/wp\/v2\/product"}],"about":[{"href":"https:\/\/donatti.md\/ru\/wp-json\/wp\/v2\/types\/product"}],"replies":[{"embeddable":true,"href":"https:\/\/donatti.md\/ru\/wp-json\/wp\/v2\/comments?post=1316"}],"wp:featuredmedia":[{"embeddable":true,"href":"https:\/\/donatti.md\/ru\/wp-json\/wp\/v2\/media\/1319"}],"wp:attachment":[{"href":"https:\/\/donatti.md\/ru\/wp-json\/wp\/v2\/media?parent=1316"}],"wp:term":[{"taxonomy":"product_brand","embeddable":true,"href":"https:\/\/donatti.md\/ru\/wp-json\/wp\/v2\/product_brand?post=1316"},{"taxonomy":"product_cat","embeddable":true,"href":"https:\/\/donatti.md\/ru\/wp-json\/wp\/v2\/product_cat?post=1316"},{"taxonomy":"product_tag","embeddable":true,"href":"https:\/\/donatti.md\/ru\/wp-json\/wp\/v2\/product_tag?post=1316"}],"curies":[{"name":"wp","href":"https:\/\/api.w.org\/{rel}","templated":true}]}}