{"id":1315,"date":"2024-05-14T20:24:48","date_gmt":"2024-05-14T20:24:48","guid":{"rendered":"https:\/\/donatti.md\/?post_type=product&#038;p=1315"},"modified":"2025-01-01T14:46:45","modified_gmt":"2025-01-01T11:46:45","slug":"speciale-leave-in-maint","status":"publish","type":"product","link":"https:\/\/donatti.md\/ru\/catalog\/home-care\/speciale-leave-in-maint\/","title":{"rendered":"\u0421\u041f\u0415\u0426\u0418\u0410\u041b\u042c\u041d\u042b\u0415 \u041e\u0422\u041f\u0423\u0421\u041a\u0418 \u0412 \u041e\u0421\u041d\u041e\u0412\u041d\u041e\u041c"},"content":{"rendered":"","protected":false},"excerpt":{"rendered":"<p>Neutralizeaz\u0103 electricitatea static\u0103 a p\u0103rului, previne \u00eencre\u021birea \u0219i formeaz\u0103 un strat protector sub\u021bire care intensific\u0103 str\u0103lucirea \u0219i m\u0103t\u0103sosul.<\/p>\n<p>Contribuie la men\u021binerea \u0219i prelungirea efectelor ob\u021binute cu produsele din linia profesional\u0103 SPECIALE.<\/p>\n<p>Ajut\u0103 la refacerea fibrei capilare de la cortex p\u00e2n\u0103 la cuticul\u0103, facilit\u00e2nd piept\u0103narea p\u0103rului \u0219i conferindu-i o str\u0103lucire \u0219i o textur\u0103 mai pl\u0103cut\u0103.<\/p>","protected":false},"featured_media":1311,"comment_status":"open","ping_status":"closed","template":"","meta":[],"product_brand":[],"product_cat":[148],"product_tag":[],"class_list":{"0":"post-1315","1":"product","2":"type-product","3":"status-publish","4":"has-post-thumbnail","6":"product_cat-home-care","8":"first","9":"instock","10":"shipping-taxable","11":"purchasable","12":"product-type-simple"},"_links":{"self":[{"href":"https:\/\/donatti.md\/ru\/wp-json\/wp\/v2\/product\/1315","targetHints":{"allow":["GET"]}}],"collection":[{"href":"https:\/\/donatti.md\/ru\/wp-json\/wp\/v2\/product"}],"about":[{"href":"https:\/\/donatti.md\/ru\/wp-json\/wp\/v2\/types\/product"}],"replies":[{"embeddable":true,"href":"https:\/\/donatti.md\/ru\/wp-json\/wp\/v2\/comments?post=1315"}],"wp:featuredmedia":[{"embeddable":true,"href":"https:\/\/donatti.md\/ru\/wp-json\/wp\/v2\/media\/1311"}],"wp:attachment":[{"href":"https:\/\/donatti.md\/ru\/wp-json\/wp\/v2\/media?parent=1315"}],"wp:term":[{"taxonomy":"product_brand","embeddable":true,"href":"https:\/\/donatti.md\/ru\/wp-json\/wp\/v2\/product_brand?post=1315"},{"taxonomy":"product_cat","embeddable":true,"href":"https:\/\/donatti.md\/ru\/wp-json\/wp\/v2\/product_cat?post=1315"},{"taxonomy":"product_tag","embeddable":true,"href":"https:\/\/donatti.md\/ru\/wp-json\/wp\/v2\/product_tag?post=1315"}],"curies":[{"name":"wp","href":"https:\/\/api.w.org\/{rel}","templated":true}]}}