{"id":1314,"date":"2024-05-14T20:24:17","date_gmt":"2024-05-14T20:24:17","guid":{"rendered":"https:\/\/donatti.md\/?post_type=product&#038;p=1314"},"modified":"2025-01-01T14:47:23","modified_gmt":"2025-01-01T11:47:23","slug":"speciale-mask-maint","status":"publish","type":"product","link":"https:\/\/donatti.md\/ru\/catalog\/home-care\/speciale-mask-maint\/","title":{"rendered":"\u0421\u041a\u0418\u0414\u041a\u0418 \u041d\u0410 \u041e\u0411\u0421\u041b\u0423\u0416\u0418\u0412\u0410\u041d\u0418\u0415 \u041c\u0410\u0421\u041e\u041a"},"content":{"rendered":"","protected":false},"excerpt":{"rendered":"<p>Con\u021bin\u00e2nd pH-ul fiziologic al fibrei \u0219i polimeri cationici de \u00eenalt\u0103 performan\u021b\u0103, acest produs ac\u021bioneaz\u0103 de la cortex p\u00e2n\u0103 la cuticul\u0103 pentru a promova nutri\u021bia p\u0103rului deteriorat de procese chimice, fizice sau termice.<\/p>\n<p>Contribuie la men\u021binerea \u0219i prelungirea efectelor ob\u021binute cu utilizarea liniei profesionale SPECIALE, asigur\u00e2nd o recuperare optim\u0103 a fibrei de p\u0103r, iar ca rezultat, p\u0103rul devine mai u\u0219or de piept\u0103nat, str\u0103luce\u0219te \u0219i este mai moale.<\/p>","protected":false},"featured_media":1312,"comment_status":"open","ping_status":"closed","template":"","meta":[],"product_brand":[],"product_cat":[148],"product_tag":[],"class_list":{"0":"post-1314","1":"product","2":"type-product","3":"status-publish","4":"has-post-thumbnail","6":"product_cat-home-care","8":"first","9":"instock","10":"shipping-taxable","11":"purchasable","12":"product-type-simple"},"_links":{"self":[{"href":"https:\/\/donatti.md\/ru\/wp-json\/wp\/v2\/product\/1314","targetHints":{"allow":["GET"]}}],"collection":[{"href":"https:\/\/donatti.md\/ru\/wp-json\/wp\/v2\/product"}],"about":[{"href":"https:\/\/donatti.md\/ru\/wp-json\/wp\/v2\/types\/product"}],"replies":[{"embeddable":true,"href":"https:\/\/donatti.md\/ru\/wp-json\/wp\/v2\/comments?post=1314"}],"wp:featuredmedia":[{"embeddable":true,"href":"https:\/\/donatti.md\/ru\/wp-json\/wp\/v2\/media\/1312"}],"wp:attachment":[{"href":"https:\/\/donatti.md\/ru\/wp-json\/wp\/v2\/media?parent=1314"}],"wp:term":[{"taxonomy":"product_brand","embeddable":true,"href":"https:\/\/donatti.md\/ru\/wp-json\/wp\/v2\/product_brand?post=1314"},{"taxonomy":"product_cat","embeddable":true,"href":"https:\/\/donatti.md\/ru\/wp-json\/wp\/v2\/product_cat?post=1314"},{"taxonomy":"product_tag","embeddable":true,"href":"https:\/\/donatti.md\/ru\/wp-json\/wp\/v2\/product_tag?post=1314"}],"curies":[{"name":"wp","href":"https:\/\/api.w.org\/{rel}","templated":true}]}}