{"id":1310,"date":"2024-05-14T20:23:50","date_gmt":"2024-05-14T20:23:50","guid":{"rendered":"https:\/\/donatti.md\/?post_type=product&#038;p=1310"},"modified":"2025-01-01T14:48:10","modified_gmt":"2025-01-01T11:48:10","slug":"speciale-shampoo-maint","status":"publish","type":"product","link":"https:\/\/donatti.md\/ru\/catalog\/home-care\/speciale-shampoo-maint\/","title":{"rendered":"\u0421\u041f\u0415\u0426\u0418\u0410\u041b\u042c\u041d\u042b\u0419 \u0428\u0410\u041c\u041f\u0423\u041d\u042c \u0414\u041b\u042f \u041f\u041e\u0414\u0414\u0415\u0420\u0416\u041a\u0418"},"content":{"rendered":"","protected":false},"excerpt":{"rendered":"<p>Garanteaz\u0103 o cur\u0103\u021bare delicat\u0103 a p\u0103rului, prelungind efectele ob\u021binute cu utilizarea liniei profesionale SPECIALE.<\/p>\n<p>Ajut\u0103 la recuperarea optim\u0103 a fibrei de p\u0103r, de la cortex la cuticul\u0103, l\u0103s\u00e2nd p\u0103rul u\u0219or de piept\u0103nat, cu o str\u0103lucire intens\u0103 \u0219i o textur\u0103 mai moale.<\/p>","protected":false},"featured_media":1313,"comment_status":"open","ping_status":"closed","template":"","meta":[],"product_brand":[],"product_cat":[148],"product_tag":[],"class_list":{"0":"post-1310","1":"product","2":"type-product","3":"status-publish","4":"has-post-thumbnail","6":"product_cat-home-care","8":"first","9":"instock","10":"shipping-taxable","11":"purchasable","12":"product-type-simple"},"_links":{"self":[{"href":"https:\/\/donatti.md\/ru\/wp-json\/wp\/v2\/product\/1310","targetHints":{"allow":["GET"]}}],"collection":[{"href":"https:\/\/donatti.md\/ru\/wp-json\/wp\/v2\/product"}],"about":[{"href":"https:\/\/donatti.md\/ru\/wp-json\/wp\/v2\/types\/product"}],"replies":[{"embeddable":true,"href":"https:\/\/donatti.md\/ru\/wp-json\/wp\/v2\/comments?post=1310"}],"wp:featuredmedia":[{"embeddable":true,"href":"https:\/\/donatti.md\/ru\/wp-json\/wp\/v2\/media\/1313"}],"wp:attachment":[{"href":"https:\/\/donatti.md\/ru\/wp-json\/wp\/v2\/media?parent=1310"}],"wp:term":[{"taxonomy":"product_brand","embeddable":true,"href":"https:\/\/donatti.md\/ru\/wp-json\/wp\/v2\/product_brand?post=1310"},{"taxonomy":"product_cat","embeddable":true,"href":"https:\/\/donatti.md\/ru\/wp-json\/wp\/v2\/product_cat?post=1310"},{"taxonomy":"product_tag","embeddable":true,"href":"https:\/\/donatti.md\/ru\/wp-json\/wp\/v2\/product_tag?post=1310"}],"curies":[{"name":"wp","href":"https:\/\/api.w.org\/{rel}","templated":true}]}}