{"id":1309,"date":"2024-05-14T20:21:54","date_gmt":"2024-05-14T20:21:54","guid":{"rendered":"https:\/\/donatti.md\/?post_type=product&#038;p=1309"},"modified":"2026-02-25T14:26:13","modified_gmt":"2026-02-25T11:26:13","slug":"argan-detox-leave-in-maint","status":"publish","type":"product","link":"https:\/\/donatti.md\/ru\/catalog\/home-care\/argan-detox-leave-in-maint\/","title":{"rendered":"ARGAN DETOX LEAVE IN MAINT"},"content":{"rendered":"","protected":false},"excerpt":{"rendered":"<p>Special conceput pentru a men\u021bine \u0219i a prelungi efectele benefice ale tratamentului efectuat cu linia Biodetox.<\/p>\n<p>Cu o ac\u021biune anti-\u00eencre\u021bire, hidrateaz\u0103 profund \u0219i regenereaz\u0103 str\u0103lucirea natural\u0103 a p\u0103rului.<\/p>\n<p>Formulat pentru a restabili vitalitatea fibrei capilare, linia Biodetox ofer\u0103 o experien\u021b\u0103 de \u00eentinerire pentru p\u0103r, asigur\u00e2nd un aspect s\u0103n\u0103tos \u0219i revitalizat.<\/p>","protected":false},"featured_media":1305,"comment_status":"open","ping_status":"closed","template":"","meta":[],"product_brand":[],"product_cat":[148],"product_tag":[],"class_list":{"0":"post-1309","1":"product","2":"type-product","3":"status-publish","4":"has-post-thumbnail","6":"product_cat-home-care","8":"first","9":"instock","10":"shipping-taxable","11":"purchasable","12":"product-type-simple"},"_links":{"self":[{"href":"https:\/\/donatti.md\/ru\/wp-json\/wp\/v2\/product\/1309","targetHints":{"allow":["GET"]}}],"collection":[{"href":"https:\/\/donatti.md\/ru\/wp-json\/wp\/v2\/product"}],"about":[{"href":"https:\/\/donatti.md\/ru\/wp-json\/wp\/v2\/types\/product"}],"replies":[{"embeddable":true,"href":"https:\/\/donatti.md\/ru\/wp-json\/wp\/v2\/comments?post=1309"}],"wp:featuredmedia":[{"embeddable":true,"href":"https:\/\/donatti.md\/ru\/wp-json\/wp\/v2\/media\/1305"}],"wp:attachment":[{"href":"https:\/\/donatti.md\/ru\/wp-json\/wp\/v2\/media?parent=1309"}],"wp:term":[{"taxonomy":"product_brand","embeddable":true,"href":"https:\/\/donatti.md\/ru\/wp-json\/wp\/v2\/product_brand?post=1309"},{"taxonomy":"product_cat","embeddable":true,"href":"https:\/\/donatti.md\/ru\/wp-json\/wp\/v2\/product_cat?post=1309"},{"taxonomy":"product_tag","embeddable":true,"href":"https:\/\/donatti.md\/ru\/wp-json\/wp\/v2\/product_tag?post=1309"}],"curies":[{"name":"wp","href":"https:\/\/api.w.org\/{rel}","templated":true}]}}