{"id":1308,"date":"2024-05-14T20:21:15","date_gmt":"2024-05-14T20:21:15","guid":{"rendered":"https:\/\/donatti.md\/?post_type=product&#038;p=1308"},"modified":"2025-12-13T23:38:55","modified_gmt":"2025-12-13T20:38:55","slug":"argan-detox-mask-maint","status":"publish","type":"product","link":"https:\/\/donatti.md\/ru\/catalog\/home-care\/argan-detox-mask-maint\/","title":{"rendered":"\u0414\u0415\u0422\u041e\u041a\u0421-\u041c\u0410\u0421\u041a\u0410 \u0410\u0420\u0413\u0410\u041d\u0410 \u041f\u041e\u0414\u0414\u0415\u0420\u0416\u0418\u0412\u0410\u042e\u0429\u0410\u042f"},"content":{"rendered":"","protected":false},"excerpt":{"rendered":"<p>Prelungind efectele tratamentului oferit de gama Biodetox, acest produs nu doar hidrateaz\u0103 profund, ci \u0219i restabile\u0219te s\u0103n\u0103tatea p\u0103rului, red\u00e2ndu-i vitalitatea \u0219i \u00eentinerind fibra capilar\u0103.<\/p>\n<p>Prin capacit\u0103\u021bile revitalizante, ajut\u0103 la men\u021binerea unui aspect s\u0103n\u0103tos \u0219i str\u0103lucitor al p\u0103rului.<\/p>","protected":false},"featured_media":1306,"comment_status":"open","ping_status":"closed","template":"","meta":[],"product_brand":[],"product_cat":[148],"product_tag":[],"class_list":{"0":"post-1308","1":"product","2":"type-product","3":"status-publish","4":"has-post-thumbnail","6":"product_cat-home-care","8":"first","9":"instock","10":"shipping-taxable","11":"purchasable","12":"product-type-simple"},"_links":{"self":[{"href":"https:\/\/donatti.md\/ru\/wp-json\/wp\/v2\/product\/1308","targetHints":{"allow":["GET"]}}],"collection":[{"href":"https:\/\/donatti.md\/ru\/wp-json\/wp\/v2\/product"}],"about":[{"href":"https:\/\/donatti.md\/ru\/wp-json\/wp\/v2\/types\/product"}],"replies":[{"embeddable":true,"href":"https:\/\/donatti.md\/ru\/wp-json\/wp\/v2\/comments?post=1308"}],"wp:featuredmedia":[{"embeddable":true,"href":"https:\/\/donatti.md\/ru\/wp-json\/wp\/v2\/media\/1306"}],"wp:attachment":[{"href":"https:\/\/donatti.md\/ru\/wp-json\/wp\/v2\/media?parent=1308"}],"wp:term":[{"taxonomy":"product_brand","embeddable":true,"href":"https:\/\/donatti.md\/ru\/wp-json\/wp\/v2\/product_brand?post=1308"},{"taxonomy":"product_cat","embeddable":true,"href":"https:\/\/donatti.md\/ru\/wp-json\/wp\/v2\/product_cat?post=1308"},{"taxonomy":"product_tag","embeddable":true,"href":"https:\/\/donatti.md\/ru\/wp-json\/wp\/v2\/product_tag?post=1308"}],"curies":[{"name":"wp","href":"https:\/\/api.w.org\/{rel}","templated":true}]}}