{"id":1303,"date":"2024-05-14T20:16:40","date_gmt":"2024-05-14T20:16:40","guid":{"rendered":"https:\/\/donatti.md\/?post_type=product&#038;p=1303"},"modified":"2025-11-12T17:01:00","modified_gmt":"2025-11-12T14:01:00","slug":"the-ion-leave-in-maint","status":"publish","type":"product","link":"https:\/\/donatti.md\/ru\/catalog\/home-care\/the-ion-leave-in-maint\/","title":{"rendered":"\u0418\u041e\u041d\u041d\u042b\u0419 \u041e\u0422\u0425\u041e\u0414 \u0412 \u041e\u0421\u041d\u041e\u0412\u041d\u041e\u041c"},"content":{"rendered":"","protected":false},"excerpt":{"rendered":"<p>Cu sistemul s\u0103u avansat de control al \u00eencre\u021birii, acest produs ajut\u0103 la eliminarea acumul\u0103rilor de produse de pe p\u0103r, care pot afecta aspectul \u0219i s\u0103n\u0103tatea acestuia.<\/p>\n<p>Prin facilitarea piept\u0103n\u0103rii at\u00e2t pe p\u0103rul uscat, c\u00e2t \u0219i pe cel umed, contribuie la men\u021binerea unei structuri corespunz\u0103toare a firului de p\u0103r, protej\u00e2ndu-l \u00eempotriva deterior\u0103rii.<\/p>","protected":false},"featured_media":1488,"comment_status":"open","ping_status":"closed","template":"","meta":[],"product_brand":[],"product_cat":[148],"product_tag":[],"class_list":{"0":"post-1303","1":"product","2":"type-product","3":"status-publish","4":"has-post-thumbnail","6":"product_cat-home-care","8":"first","9":"instock","10":"shipping-taxable","11":"purchasable","12":"product-type-simple"},"_links":{"self":[{"href":"https:\/\/donatti.md\/ru\/wp-json\/wp\/v2\/product\/1303","targetHints":{"allow":["GET"]}}],"collection":[{"href":"https:\/\/donatti.md\/ru\/wp-json\/wp\/v2\/product"}],"about":[{"href":"https:\/\/donatti.md\/ru\/wp-json\/wp\/v2\/types\/product"}],"replies":[{"embeddable":true,"href":"https:\/\/donatti.md\/ru\/wp-json\/wp\/v2\/comments?post=1303"}],"wp:featuredmedia":[{"embeddable":true,"href":"https:\/\/donatti.md\/ru\/wp-json\/wp\/v2\/media\/1488"}],"wp:attachment":[{"href":"https:\/\/donatti.md\/ru\/wp-json\/wp\/v2\/media?parent=1303"}],"wp:term":[{"taxonomy":"product_brand","embeddable":true,"href":"https:\/\/donatti.md\/ru\/wp-json\/wp\/v2\/product_brand?post=1303"},{"taxonomy":"product_cat","embeddable":true,"href":"https:\/\/donatti.md\/ru\/wp-json\/wp\/v2\/product_cat?post=1303"},{"taxonomy":"product_tag","embeddable":true,"href":"https:\/\/donatti.md\/ru\/wp-json\/wp\/v2\/product_tag?post=1303"}],"curies":[{"name":"wp","href":"https:\/\/api.w.org\/{rel}","templated":true}]}}