{"id":1302,"date":"2024-05-14T20:15:59","date_gmt":"2024-05-14T20:15:59","guid":{"rendered":"https:\/\/donatti.md\/?post_type=product&#038;p=1302"},"modified":"2025-02-11T11:41:12","modified_gmt":"2025-02-11T08:41:12","slug":"the-ion-mask-maint","status":"publish","type":"product","link":"https:\/\/donatti.md\/ru\/catalog\/home-care\/the-ion-mask-maint\/","title":{"rendered":"\u041e\u0411\u0421\u041b\u0423\u0416\u0418\u0412\u0410\u041d\u0418\u0415 \u0418\u041e\u041d\u041d\u041e\u0419 \u041c\u0410\u0421\u041a\u0418"},"content":{"rendered":"","protected":false},"excerpt":{"rendered":"<p>Con\u021bine pH-ul fiziologic al fibrei capilare, asigur\u00e2nd echilibrul natural al p\u0103rului.<\/p>\n<p>Polimerii cationici performan\u021bi p\u0103trund ad\u00e2nc de la nivelul cortexului p\u00e2n\u0103 la cuticul\u0103, ajut\u00e2nd la nutri\u021bia \u0219i refacerea p\u0103rului deteriorat de procesele chimice, fizice sau termice, favoriz\u00e2nd o \u00eembun\u0103t\u0103\u021bire vizibil\u0103 a s\u0103n\u0103t\u0103\u021bii \u0219i aspectului p\u0103rului, conferindu-i o str\u0103lucire \u0219i o moliciune revitalizat\u0103.<\/p>","protected":false},"featured_media":1489,"comment_status":"open","ping_status":"closed","template":"","meta":[],"product_brand":[],"product_cat":[148],"product_tag":[],"class_list":{"0":"post-1302","1":"product","2":"type-product","3":"status-publish","4":"has-post-thumbnail","6":"product_cat-home-care","8":"first","9":"instock","10":"shipping-taxable","11":"purchasable","12":"product-type-simple"},"_links":{"self":[{"href":"https:\/\/donatti.md\/ru\/wp-json\/wp\/v2\/product\/1302","targetHints":{"allow":["GET"]}}],"collection":[{"href":"https:\/\/donatti.md\/ru\/wp-json\/wp\/v2\/product"}],"about":[{"href":"https:\/\/donatti.md\/ru\/wp-json\/wp\/v2\/types\/product"}],"replies":[{"embeddable":true,"href":"https:\/\/donatti.md\/ru\/wp-json\/wp\/v2\/comments?post=1302"}],"wp:featuredmedia":[{"embeddable":true,"href":"https:\/\/donatti.md\/ru\/wp-json\/wp\/v2\/media\/1489"}],"wp:attachment":[{"href":"https:\/\/donatti.md\/ru\/wp-json\/wp\/v2\/media?parent=1302"}],"wp:term":[{"taxonomy":"product_brand","embeddable":true,"href":"https:\/\/donatti.md\/ru\/wp-json\/wp\/v2\/product_brand?post=1302"},{"taxonomy":"product_cat","embeddable":true,"href":"https:\/\/donatti.md\/ru\/wp-json\/wp\/v2\/product_cat?post=1302"},{"taxonomy":"product_tag","embeddable":true,"href":"https:\/\/donatti.md\/ru\/wp-json\/wp\/v2\/product_tag?post=1302"}],"curies":[{"name":"wp","href":"https:\/\/api.w.org\/{rel}","templated":true}]}}