{"id":1301,"date":"2024-05-14T20:15:18","date_gmt":"2024-05-14T20:15:18","guid":{"rendered":"https:\/\/donatti.md\/?post_type=product&#038;p=1301"},"modified":"2025-11-12T17:01:00","modified_gmt":"2025-11-12T14:01:00","slug":"the-ion-shampoo-maint","status":"publish","type":"product","link":"https:\/\/donatti.md\/ru\/catalog\/home-care\/the-ion-shampoo-maint\/","title":{"rendered":"ION \u0428\u0410\u041c\u041f\u0423\u041d\u042c \u0414\u041b\u042f \u041e\u0411\u0421\u041b\u0423\u0416\u0418\u0412\u0410\u041d\u0418\u042f"},"content":{"rendered":"","protected":false},"excerpt":{"rendered":"<p>The ION cur\u0103\u021b\u0103 eficient p\u0103rul, men\u021bin\u00e2nd \u0219i extinz\u00e2nd \u00een acela\u0219i timp beneficiile tratamentului realizat cu linia profesional\u0103.<\/p>\n<p>Ingredientul activ foto-reflectorizant exclusiv accentueaz\u0103 \u0219i prelunge\u0219te str\u0103lucirea intens\u0103 \u0219i natural\u0103 a p\u0103rului. Astfel, p\u0103rul nu doar c\u0103 r\u0103m\u00e2ne curat \u0219i s\u0103n\u0103tos, dar \u0219i p\u0103streaz\u0103 o str\u0103lucire vibrant\u0103 \u0219i natural\u0103 pentru mai mult timp dup\u0103 fiecare utilizare.<\/p>","protected":false},"featured_media":1487,"comment_status":"open","ping_status":"closed","template":"","meta":[],"product_brand":[],"product_cat":[148],"product_tag":[],"class_list":{"0":"post-1301","1":"product","2":"type-product","3":"status-publish","4":"has-post-thumbnail","6":"product_cat-home-care","8":"first","9":"instock","10":"shipping-taxable","11":"purchasable","12":"product-type-simple"},"_links":{"self":[{"href":"https:\/\/donatti.md\/ru\/wp-json\/wp\/v2\/product\/1301","targetHints":{"allow":["GET"]}}],"collection":[{"href":"https:\/\/donatti.md\/ru\/wp-json\/wp\/v2\/product"}],"about":[{"href":"https:\/\/donatti.md\/ru\/wp-json\/wp\/v2\/types\/product"}],"replies":[{"embeddable":true,"href":"https:\/\/donatti.md\/ru\/wp-json\/wp\/v2\/comments?post=1301"}],"wp:featuredmedia":[{"embeddable":true,"href":"https:\/\/donatti.md\/ru\/wp-json\/wp\/v2\/media\/1487"}],"wp:attachment":[{"href":"https:\/\/donatti.md\/ru\/wp-json\/wp\/v2\/media?parent=1301"}],"wp:term":[{"taxonomy":"product_brand","embeddable":true,"href":"https:\/\/donatti.md\/ru\/wp-json\/wp\/v2\/product_brand?post=1301"},{"taxonomy":"product_cat","embeddable":true,"href":"https:\/\/donatti.md\/ru\/wp-json\/wp\/v2\/product_cat?post=1301"},{"taxonomy":"product_tag","embeddable":true,"href":"https:\/\/donatti.md\/ru\/wp-json\/wp\/v2\/product_tag?post=1301"}],"curies":[{"name":"wp","href":"https:\/\/api.w.org\/{rel}","templated":true}]}}