{"id":1300,"date":"2024-05-14T20:13:37","date_gmt":"2024-05-14T20:13:37","guid":{"rendered":"https:\/\/donatti.md\/?post_type=product&#038;p=1300"},"modified":"2026-04-07T14:05:08","modified_gmt":"2026-04-07T11:05:08","slug":"blond-new-mask-maint","status":"publish","type":"product","link":"https:\/\/donatti.md\/ru\/catalog\/home-care\/blond-new-mask-maint\/","title":{"rendered":"\u0411\u041b\u041e\u041d\u0414 \u041d\u041e\u0412\u0410\u042f \u041c\u0410\u0421\u041a\u0410 \u0414\u041b\u042f \u041f\u041e\u0414\u0414\u0415\u0420\u0416\u041a\u0418"},"content":{"rendered":"","protected":false},"excerpt":{"rendered":"<p>Special conceput\u0103 pentru a revitaliza \u0219i intensifica culoarea p\u0103rului blond platinat sau gri, ajut\u00e2nd la eliminarea nuan\u021belor galbene nedorite.<\/p>\n<p>Folosit\u0103 imediat dup\u0103 decolorare, produsul ac\u021bioneaz\u0103 rapid pentru a neutraliza reflexele de culoare nedorite \u0219i pentru a conferi p\u0103rului o nuan\u021b\u0103 platinat\u0103 vibrant\u0103 \u0219i natural\u0103.<\/p>\n<p>\u00cen plus, ingredientele active din compozi\u021bie contribuie la restabilirea vitalit\u0103\u021bii firelor de p\u0103r, oferindu-le o str\u0103lucire \u0219i o hidratare ad\u00e2nc\u0103, esen\u021biale pentru men\u021binerea unui aspect s\u0103n\u0103tos \u0219i plin de via\u021b\u0103.<\/p>","protected":false},"featured_media":225,"comment_status":"open","ping_status":"closed","template":"","meta":[],"product_brand":[],"product_cat":[148],"product_tag":[],"class_list":{"0":"post-1300","1":"product","2":"type-product","3":"status-publish","4":"has-post-thumbnail","6":"product_cat-home-care","8":"first","9":"instock","10":"shipping-taxable","11":"purchasable","12":"product-type-simple"},"_links":{"self":[{"href":"https:\/\/donatti.md\/ru\/wp-json\/wp\/v2\/product\/1300","targetHints":{"allow":["GET"]}}],"collection":[{"href":"https:\/\/donatti.md\/ru\/wp-json\/wp\/v2\/product"}],"about":[{"href":"https:\/\/donatti.md\/ru\/wp-json\/wp\/v2\/types\/product"}],"replies":[{"embeddable":true,"href":"https:\/\/donatti.md\/ru\/wp-json\/wp\/v2\/comments?post=1300"}],"wp:featuredmedia":[{"embeddable":true,"href":"https:\/\/donatti.md\/ru\/wp-json\/wp\/v2\/media\/225"}],"wp:attachment":[{"href":"https:\/\/donatti.md\/ru\/wp-json\/wp\/v2\/media?parent=1300"}],"wp:term":[{"taxonomy":"product_brand","embeddable":true,"href":"https:\/\/donatti.md\/ru\/wp-json\/wp\/v2\/product_brand?post=1300"},{"taxonomy":"product_cat","embeddable":true,"href":"https:\/\/donatti.md\/ru\/wp-json\/wp\/v2\/product_cat?post=1300"},{"taxonomy":"product_tag","embeddable":true,"href":"https:\/\/donatti.md\/ru\/wp-json\/wp\/v2\/product_tag?post=1300"}],"curies":[{"name":"wp","href":"https:\/\/api.w.org\/{rel}","templated":true}]}}