{"id":1299,"date":"2024-05-14T20:11:07","date_gmt":"2024-05-14T20:11:07","guid":{"rendered":"https:\/\/donatti.md\/?post_type=product&#038;p=1299"},"modified":"2025-10-15T15:17:59","modified_gmt":"2025-10-15T12:17:59","slug":"blond-new-balm-maint","status":"publish","type":"product","link":"https:\/\/donatti.md\/ru\/catalog\/home-care\/blond-new-balm-maint\/","title":{"rendered":"\u0411\u041b\u041e\u041d\u0414 \u041d\u041e\u0412\u042b\u0419 \u0411\u0410\u041b\u042c\u0417\u0410\u041c \u041f\u041e\u0414\u0414\u0415\u0420\u0416\u0418\u0412\u0410\u042e\u0429\u0418\u0419"},"content":{"rendered":"","protected":false},"excerpt":{"rendered":"<p>Formul\u0103 avansat\u0103 este conceput\u0103 pentru a oferi o hidratare profund\u0103, hr\u0103nire intens\u0103 \u0219i revitalizare a p\u0103rului.<\/p>\n<p>Ac\u021bioneaz\u0103 eficient pentru a restabili culoarea platinat\u0103 dorit\u0103, neutraliz\u00e2nd \u0219i elimin\u00e2nd tonurile galbene care pot ap\u0103rea \u00een urma proceselor de decolorare sau \u00eengrijire.<\/p>\n<p>Concomitent, ingredientele antioxidante protejeaz\u0103 fibra de p\u0103r \u00eempotriva daunelor cauzate de radicalii liberi \u0219i alte agresiuni externe. Combina\u021bia de beneficii face ca produsul s\u0103 fie ideal pentru \u00eengrijirea p\u0103rului blond decolorat sau gri, ajut\u00e2ndu-l s\u0103 arate s\u0103n\u0103tos, str\u0103lucitor \u0219i revitalizat.<\/p>","protected":false},"featured_media":1490,"comment_status":"open","ping_status":"closed","template":"","meta":[],"product_brand":[],"product_cat":[148],"product_tag":[],"class_list":{"0":"post-1299","1":"product","2":"type-product","3":"status-publish","4":"has-post-thumbnail","6":"product_cat-home-care","8":"first","9":"instock","10":"shipping-taxable","11":"purchasable","12":"product-type-simple"},"_links":{"self":[{"href":"https:\/\/donatti.md\/ru\/wp-json\/wp\/v2\/product\/1299","targetHints":{"allow":["GET"]}}],"collection":[{"href":"https:\/\/donatti.md\/ru\/wp-json\/wp\/v2\/product"}],"about":[{"href":"https:\/\/donatti.md\/ru\/wp-json\/wp\/v2\/types\/product"}],"replies":[{"embeddable":true,"href":"https:\/\/donatti.md\/ru\/wp-json\/wp\/v2\/comments?post=1299"}],"wp:featuredmedia":[{"embeddable":true,"href":"https:\/\/donatti.md\/ru\/wp-json\/wp\/v2\/media\/1490"}],"wp:attachment":[{"href":"https:\/\/donatti.md\/ru\/wp-json\/wp\/v2\/media?parent=1299"}],"wp:term":[{"taxonomy":"product_brand","embeddable":true,"href":"https:\/\/donatti.md\/ru\/wp-json\/wp\/v2\/product_brand?post=1299"},{"taxonomy":"product_cat","embeddable":true,"href":"https:\/\/donatti.md\/ru\/wp-json\/wp\/v2\/product_cat?post=1299"},{"taxonomy":"product_tag","embeddable":true,"href":"https:\/\/donatti.md\/ru\/wp-json\/wp\/v2\/product_tag?post=1299"}],"curies":[{"name":"wp","href":"https:\/\/api.w.org\/{rel}","templated":true}]}}