{"id":1296,"date":"2024-05-14T20:07:31","date_gmt":"2024-05-14T20:07:31","guid":{"rendered":"https:\/\/donatti.md\/?post_type=product&#038;p=1296"},"modified":"2024-09-01T01:08:57","modified_gmt":"2024-08-31T22:08:57","slug":"d-colore-oxygened-water-20-30-40-volumes-900g","status":"publish","type":"product","link":"https:\/\/donatti.md\/ru\/catalog\/transformare\/d-colore-oxygened-water-20-30-40-volumes-900g\/","title":{"rendered":"COLORE OXYGENED WATER 20\/30\/40 VOLUMES 900G"},"content":{"rendered":"","protected":false},"excerpt":{"rendered":"<p>Emulsie oxidant\u0103 cremoas\u0103 u\u0219or parfumat\u0103, care con\u021bine peroxid de hidrogen, potrivit\u0103 pentru activarea coloran\u021bilor oxidan\u021bi \u0219i a pulberilor de albire. Cremozitatea \u0219i consisten\u021ba sa faciliteaz\u0103 amestecarea cu masa colorant\u0103 \u0219i dispersia pulberii de albire, \u0219i trebuie utilizat \u00een propor\u021bia indicat\u0103 \u00een instruc\u021biunile de utilizare at\u00e2t pentru culoarea oxidant\u0103, c\u00e2t \u0219i pentru pudra de albire. Realizat cu cea mai tehnologica tehnologie de stabilizare, ofera catifelare si emolienta in acelasi timp sporind actiunea de colorare si decolorare.<\/p>\n<p>Emulsie oxidant\u0103 cremoas\u0103, u\u0219or parfumat\u0103, care con\u021bine peroxid de hidrogen \u0219i este destinat\u0103 activ\u0103rii coloran\u021bilor oxidan\u021bi \u0219i a pulberilor de albire. Textura sa cremoas\u0103 \u0219i consisten\u021ba faciliteaz\u0103 amestecarea cu masa colorant\u0103 \u0219i dispersia pulberii de albire \u00eentr-un mod uniform.<\/p>\n<p>Este crucial s\u0103 fie utilizat\u0103 \u00een propor\u021bia corect\u0103 conform instruc\u021biunilor de utilizare, at\u00e2t pentru procesele de colorare, c\u00e2t \u0219i pentru cele de decolorare.<\/p>\n<p>Aceast\u0103 emulsie beneficiaz\u0103 de tehnologii avansate de stabilizare, care nu numai c\u0103 asigur\u0103 o amestecare uniform\u0103 \u0219i o dispersie eficient\u0103 a pulberii de albire, dar \u0219i confer\u0103 p\u0103rului catifelare \u0219i emoliere \u00een timpul procesului, intensific\u00e2nd ac\u021biunea de colorare \u0219i decolorare, oferind \u00een acela\u0219i timp o experien\u021b\u0103 pl\u0103cut\u0103 datorit\u0103 mirosului delicat.<\/p>","protected":false},"featured_media":104,"comment_status":"open","ping_status":"closed","template":"","meta":[],"product_brand":[],"product_cat":[141],"product_tag":[],"class_list":{"0":"post-1296","1":"product","2":"type-product","3":"status-publish","4":"has-post-thumbnail","6":"product_cat-transformare","8":"first","9":"instock","10":"shipping-taxable","11":"product-type-simple"},"_links":{"self":[{"href":"https:\/\/donatti.md\/ru\/wp-json\/wp\/v2\/product\/1296","targetHints":{"allow":["GET"]}}],"collection":[{"href":"https:\/\/donatti.md\/ru\/wp-json\/wp\/v2\/product"}],"about":[{"href":"https:\/\/donatti.md\/ru\/wp-json\/wp\/v2\/types\/product"}],"replies":[{"embeddable":true,"href":"https:\/\/donatti.md\/ru\/wp-json\/wp\/v2\/comments?post=1296"}],"wp:featuredmedia":[{"embeddable":true,"href":"https:\/\/donatti.md\/ru\/wp-json\/wp\/v2\/media\/104"}],"wp:attachment":[{"href":"https:\/\/donatti.md\/ru\/wp-json\/wp\/v2\/media?parent=1296"}],"wp:term":[{"taxonomy":"product_brand","embeddable":true,"href":"https:\/\/donatti.md\/ru\/wp-json\/wp\/v2\/product_brand?post=1296"},{"taxonomy":"product_cat","embeddable":true,"href":"https:\/\/donatti.md\/ru\/wp-json\/wp\/v2\/product_cat?post=1296"},{"taxonomy":"product_tag","embeddable":true,"href":"https:\/\/donatti.md\/ru\/wp-json\/wp\/v2\/product_tag?post=1296"}],"curies":[{"name":"wp","href":"https:\/\/api.w.org\/{rel}","templated":true}]}}