{"id":1295,"date":"2024-05-14T20:05:42","date_gmt":"2024-05-14T20:05:42","guid":{"rendered":"https:\/\/donatti.md\/?post_type=product&#038;p=1295"},"modified":"2025-11-12T17:21:32","modified_gmt":"2025-11-12T14:21:32","slug":"d-colore-cream-blonde-800g","status":"publish","type":"product","link":"https:\/\/donatti.md\/ru\/catalog\/transformare\/d-colore-cream-blonde-800g\/","title":{"rendered":"COLORE CREAM BLONDE 800G"},"content":{"rendered":"","protected":false},"excerpt":{"rendered":"<p>Formula dezvoltat\u0103 cu ingrediente active curative \u0219i protectoare care ajut\u0103 la p\u0103strarea integrit\u0103\u021bii fibrei p\u0103rului \u00een timpul procesului de decolorare. Astfel nu doar c\u0103 protejeaz\u0103 p\u0103rul, dar \u0219i \u00eembun\u0103t\u0103\u021besc s\u0103n\u0103tatea \u0219i str\u0103lucirea acestuia.<\/p>\n<p><strong>RECOMANDAT PENTRU DECOLOR\u0102RI U\u0218OARE. <\/strong>Amestecat cu emulsia revelatoare, este ideal pentru utilizare \u00een toate procesele de decolorare, precum decolorare general\u0103, \u0219uvi\u021be \u0219i mesh, garant\u00e2nd o decolorare delicat\u0103, uniform\u0103 \u0219i continu\u0103, men\u021bin\u00e2nd p\u0103rul s\u0103n\u0103tos \u0219i vibrant.<\/p>\n<p>Formeaz\u0103 o emulsie cremoas\u0103 cu rezultate excelente, f\u0103r\u0103 a deteriora p\u0103rul \u0219i f\u0103r\u0103 a picura, ceea ce face aplicarea mult mai u\u0219oar\u0103 \u0219i mai precis\u0103, asigur\u00e2nd o aplicare uniform\u0103, protej\u00e2nd \u00een acela\u0219i timp p\u0103rul de daunele comune asociate procesului de decolorare.<\/p>\n<p>Este ideal pentru ob\u021binerea unui p\u0103r decolorat uniform, str\u0103lucitor \u0219i s\u0103n\u0103tos, f\u0103r\u0103 compromisuri.<\/p>","protected":false},"featured_media":1239,"comment_status":"open","ping_status":"closed","template":"","meta":[],"product_brand":[],"product_cat":[141],"product_tag":[],"class_list":{"0":"post-1295","1":"product","2":"type-product","3":"status-publish","4":"has-post-thumbnail","6":"product_cat-transformare","8":"first","9":"instock","10":"shipping-taxable","11":"product-type-simple"},"_links":{"self":[{"href":"https:\/\/donatti.md\/ru\/wp-json\/wp\/v2\/product\/1295","targetHints":{"allow":["GET"]}}],"collection":[{"href":"https:\/\/donatti.md\/ru\/wp-json\/wp\/v2\/product"}],"about":[{"href":"https:\/\/donatti.md\/ru\/wp-json\/wp\/v2\/types\/product"}],"replies":[{"embeddable":true,"href":"https:\/\/donatti.md\/ru\/wp-json\/wp\/v2\/comments?post=1295"}],"wp:featuredmedia":[{"embeddable":true,"href":"https:\/\/donatti.md\/ru\/wp-json\/wp\/v2\/media\/1239"}],"wp:attachment":[{"href":"https:\/\/donatti.md\/ru\/wp-json\/wp\/v2\/media?parent=1295"}],"wp:term":[{"taxonomy":"product_brand","embeddable":true,"href":"https:\/\/donatti.md\/ru\/wp-json\/wp\/v2\/product_brand?post=1295"},{"taxonomy":"product_cat","embeddable":true,"href":"https:\/\/donatti.md\/ru\/wp-json\/wp\/v2\/product_cat?post=1295"},{"taxonomy":"product_tag","embeddable":true,"href":"https:\/\/donatti.md\/ru\/wp-json\/wp\/v2\/product_tag?post=1295"}],"curies":[{"name":"wp","href":"https:\/\/api.w.org\/{rel}","templated":true}]}}