{"id":1294,"date":"2024-05-14T20:04:37","date_gmt":"2024-05-14T20:04:37","guid":{"rendered":"https:\/\/donatti.md\/?post_type=product&#038;p=1294"},"modified":"2025-10-14T14:33:09","modified_gmt":"2025-10-14T11:33:09","slug":"complesso-blond-passo-2-1000g","status":"publish","type":"product","link":"https:\/\/donatti.md\/ru\/catalog\/nutritie\/complesso-blond-passo-2-1000g\/","title":{"rendered":"\u041a\u041e\u041c\u041f\u041b\u0415\u0421\u0421\u041e \u0411\u041b\u041e\u041d\u0414 Passo 2 1000G"},"content":{"rendered":"","protected":false},"excerpt":{"rendered":"<p>Complesso Blond ANTIOX PLATINE este formulat special pentru a reda vitalitatea \u0219i str\u0103lucirea p\u0103rului platinat, neutraliz\u00e2nd eficient tonurile galbene nepl\u0103cute care pot ap\u0103rea \u00een timp.<\/p>\n<p>Formula inovatoare protejeaz\u0103 scalpul \u0219i pielea, prevenind petele nedorite \u0219i asigur\u00e2nd o aplicare sigur\u0103 \u0219i eficient\u0103.<\/p>\n<p>Elimin\u0103 oxidarea acumulat\u0103, revitaliz\u00e2nd \u0219i restaur\u00e2nd vivacitatea p\u0103rului blond, decolorat, cu \u0219uvi\u021be sau gri, l\u0103s\u00e2ndu-l s\u0103n\u0103tos \u0219i radiant. INDICA\u021aIE: Ideal pentru p\u0103rul decolorat, platinat, cu \u0219uvi\u021be \u0219i gri.<\/p>","protected":false},"featured_media":1236,"comment_status":"open","ping_status":"closed","template":"","meta":[],"product_brand":[],"product_cat":[144],"product_tag":[],"class_list":{"0":"post-1294","1":"product","2":"type-product","3":"status-publish","4":"has-post-thumbnail","6":"product_cat-nutritie","8":"first","9":"instock","10":"shipping-taxable","11":"product-type-simple"},"_links":{"self":[{"href":"https:\/\/donatti.md\/ru\/wp-json\/wp\/v2\/product\/1294","targetHints":{"allow":["GET"]}}],"collection":[{"href":"https:\/\/donatti.md\/ru\/wp-json\/wp\/v2\/product"}],"about":[{"href":"https:\/\/donatti.md\/ru\/wp-json\/wp\/v2\/types\/product"}],"replies":[{"embeddable":true,"href":"https:\/\/donatti.md\/ru\/wp-json\/wp\/v2\/comments?post=1294"}],"wp:featuredmedia":[{"embeddable":true,"href":"https:\/\/donatti.md\/ru\/wp-json\/wp\/v2\/media\/1236"}],"wp:attachment":[{"href":"https:\/\/donatti.md\/ru\/wp-json\/wp\/v2\/media?parent=1294"}],"wp:term":[{"taxonomy":"product_brand","embeddable":true,"href":"https:\/\/donatti.md\/ru\/wp-json\/wp\/v2\/product_brand?post=1294"},{"taxonomy":"product_cat","embeddable":true,"href":"https:\/\/donatti.md\/ru\/wp-json\/wp\/v2\/product_cat?post=1294"},{"taxonomy":"product_tag","embeddable":true,"href":"https:\/\/donatti.md\/ru\/wp-json\/wp\/v2\/product_tag?post=1294"}],"curies":[{"name":"wp","href":"https:\/\/api.w.org\/{rel}","templated":true}]}}