{"id":1293,"date":"2024-05-14T20:03:40","date_gmt":"2024-05-14T20:03:40","guid":{"rendered":"https:\/\/donatti.md\/?post_type=product&#038;p=1293"},"modified":"2026-03-17T00:38:03","modified_gmt":"2026-03-16T21:38:03","slug":"omplesso-blond-passo-1-1000g","status":"publish","type":"product","link":"https:\/\/donatti.md\/ru\/catalog\/nutritie\/omplesso-blond-passo-1-1000g\/","title":{"rendered":"\u041a\u041e\u041c\u041f\u041b\u0415\u0421\u0421\u041e \u0411\u041b\u041e\u041d\u0414 Passo 1 1000G"},"content":{"rendered":"","protected":false},"excerpt":{"rendered":"<p>Complesso Blond ANTIOX PLATINE este conceput pentru a reda vitalitatea \u0219i culoarea platinat\u0103 a p\u0103rului, neutraliz\u00e2nd eficient tonurile galbene, f\u0103r\u0103 a p\u0103ta p\u0103rul sau pielea.<\/p>\n<p>Formula sa inovatoare elimin\u0103 oxidarea \u0219i restaureaz\u0103 vivacitatea p\u0103rului blond, decolorat, cu dungi sau gri.<\/p>\n<p>Indica\u021bii:<\/p>\n<ul>\n<li>Ideal pentru p\u0103rul decolorat, platinat, cu \u0219uvi\u021be \u0219i gri.<\/li>\n<li>Neutralizeaz\u0103 tonurile galbene nedorite.<\/li>\n<li>Ofer\u0103 str\u0103lucire \u0219i intensitate culorii platin\u0103.<\/li>\n<li>Protejeaz\u0103 \u0219i men\u021bine s\u0103n\u0103tatea p\u0103rului f\u0103r\u0103 a-l pata.<\/li>\n<\/ul>\n<p>Este solu\u021bia perfect\u0103 pentru cei care doresc s\u0103 \u00ee\u0219i men\u021bin\u0103 culoarea p\u0103rului blond sau platinat\u0103 \u00eentr-o nuan\u021b\u0103 vibrant\u0103 \u0219i str\u0103lucitoare.<\/p>","protected":false},"featured_media":1204,"comment_status":"open","ping_status":"closed","template":"","meta":[],"product_brand":[],"product_cat":[144],"product_tag":[],"class_list":{"0":"post-1293","1":"product","2":"type-product","3":"status-publish","4":"has-post-thumbnail","6":"product_cat-nutritie","8":"first","9":"instock","10":"shipping-taxable","11":"product-type-simple"},"_links":{"self":[{"href":"https:\/\/donatti.md\/ru\/wp-json\/wp\/v2\/product\/1293","targetHints":{"allow":["GET"]}}],"collection":[{"href":"https:\/\/donatti.md\/ru\/wp-json\/wp\/v2\/product"}],"about":[{"href":"https:\/\/donatti.md\/ru\/wp-json\/wp\/v2\/types\/product"}],"replies":[{"embeddable":true,"href":"https:\/\/donatti.md\/ru\/wp-json\/wp\/v2\/comments?post=1293"}],"wp:featuredmedia":[{"embeddable":true,"href":"https:\/\/donatti.md\/ru\/wp-json\/wp\/v2\/media\/1204"}],"wp:attachment":[{"href":"https:\/\/donatti.md\/ru\/wp-json\/wp\/v2\/media?parent=1293"}],"wp:term":[{"taxonomy":"product_brand","embeddable":true,"href":"https:\/\/donatti.md\/ru\/wp-json\/wp\/v2\/product_brand?post=1293"},{"taxonomy":"product_cat","embeddable":true,"href":"https:\/\/donatti.md\/ru\/wp-json\/wp\/v2\/product_cat?post=1293"},{"taxonomy":"product_tag","embeddable":true,"href":"https:\/\/donatti.md\/ru\/wp-json\/wp\/v2\/product_tag?post=1293"}],"curies":[{"name":"wp","href":"https:\/\/api.w.org\/{rel}","templated":true}]}}