{"id":1291,"date":"2024-05-14T20:01:29","date_gmt":"2024-05-14T20:01:29","guid":{"rendered":"https:\/\/donatti.md\/?post_type=product&#038;p=1291"},"modified":"2024-09-01T01:08:57","modified_gmt":"2024-08-31T22:08:57","slug":"d-mio-ricci-prof-co-wash-500g","status":"publish","type":"product","link":"https:\/\/donatti.md\/ru\/catalog\/hidratare\/d-mio-ricci-prof-co-wash-500g\/","title":{"rendered":"MIO RICCI PROF CO WASH &#8211; 500G"},"content":{"rendered":"","protected":false},"excerpt":{"rendered":"<p>Balsamul Co Wash Donatti Professional Curl Reorganizing Conditioner promoveaz\u0103 o cur\u0103\u021bare bl\u00e2nd\u0103 \u0219i delicat\u0103 a p\u0103rului, ideal\u0103 pentru a men\u021bine s\u0103n\u0103tatea buclelor \u0219i a preveni uscarea excesiv\u0103.<\/p>\n<p>Special formulat pentru a disciplina buclele, p\u0103str\u00e2nd \u00een acela\u0219i timp uleiurile naturale esen\u021biale ale p\u0103rului pentru men\u021binerea unui aspect s\u0103n\u0103tos \u0219i str\u0103lucitor.<\/p>\n<p>Prin formula sa ajut\u0103 la prevenirea \u00eencre\u021birii necontrolate, asigur\u00e2nd c\u0103 buclele r\u0103m\u00e2n definite \u0219i elastice. Textura m\u0103t\u0103soas\u0103 \u0219i condi\u021bionarea profund\u0103 oferite las\u0103 p\u0103rul moale \u0219i u\u0219or de gestionat, f\u0103r\u0103 a-l \u00eenc\u0103rca sau a-l l\u0103sa gras.<\/p>\n<p>Produsul con\u021bine uleiuri naturale bogate \u00een omega 9, cunoscute pentru propriet\u0103\u021bile lor hr\u0103nitoare \u0219i reparatoare. Uleiurile penetreaz\u0103 \u00een profunzime firul de p\u0103r, furniz\u00e2nd nutrien\u021bii necesari pentru a fortifica \u0219i a revitaliza buclele de la r\u0103d\u0103cin\u0103 p\u00e2n\u0103 la v\u00e2rfuri. Omega 9 contribuie la \u00eent\u0103rirea structurii p\u0103rului \u0219i la men\u021binerea hidrat\u0103rii, prevenind deteriorarea \u0219i ruperea p\u0103rului.<\/p>","protected":false},"featured_media":1259,"comment_status":"open","ping_status":"closed","template":"","meta":[],"product_brand":[],"product_cat":[142],"product_tag":[],"class_list":{"0":"post-1291","1":"product","2":"type-product","3":"status-publish","4":"has-post-thumbnail","6":"product_cat-hidratare","8":"first","9":"instock","10":"shipping-taxable","11":"product-type-simple"},"_links":{"self":[{"href":"https:\/\/donatti.md\/ru\/wp-json\/wp\/v2\/product\/1291","targetHints":{"allow":["GET"]}}],"collection":[{"href":"https:\/\/donatti.md\/ru\/wp-json\/wp\/v2\/product"}],"about":[{"href":"https:\/\/donatti.md\/ru\/wp-json\/wp\/v2\/types\/product"}],"replies":[{"embeddable":true,"href":"https:\/\/donatti.md\/ru\/wp-json\/wp\/v2\/comments?post=1291"}],"wp:featuredmedia":[{"embeddable":true,"href":"https:\/\/donatti.md\/ru\/wp-json\/wp\/v2\/media\/1259"}],"wp:attachment":[{"href":"https:\/\/donatti.md\/ru\/wp-json\/wp\/v2\/media?parent=1291"}],"wp:term":[{"taxonomy":"product_brand","embeddable":true,"href":"https:\/\/donatti.md\/ru\/wp-json\/wp\/v2\/product_brand?post=1291"},{"taxonomy":"product_cat","embeddable":true,"href":"https:\/\/donatti.md\/ru\/wp-json\/wp\/v2\/product_cat?post=1291"},{"taxonomy":"product_tag","embeddable":true,"href":"https:\/\/donatti.md\/ru\/wp-json\/wp\/v2\/product_tag?post=1291"}],"curies":[{"name":"wp","href":"https:\/\/api.w.org\/{rel}","templated":true}]}}