{"id":1290,"date":"2024-05-14T20:00:01","date_gmt":"2024-05-14T20:00:01","guid":{"rendered":"https:\/\/donatti.md\/?post_type=product&#038;p=1290"},"modified":"2024-09-01T01:08:57","modified_gmt":"2024-08-31T22:08:57","slug":"d-mio-ricci-manut-leave-in-500g","status":"publish","type":"product","link":"https:\/\/donatti.md\/ru\/catalog\/hidratare\/d-mio-ricci-manut-leave-in-500g\/","title":{"rendered":"MIO RICCI MANUT LEAVE IN &#8211; 500G"},"content":{"rendered":"","protected":false},"excerpt":{"rendered":"<p>Furnizeaz\u0103 \u0219i alimenteaz\u0103 fibrele de p\u0103r cu acizi gra\u0219i esen\u021biali, care joac\u0103 un rol crucial \u00een men\u021binerea s\u0103n\u0103t\u0103\u021bii \u0219i vitalit\u0103\u021bii p\u0103rului, oferindu-i nutrien\u021bii necesari pentru a-\u0219i p\u0103stra structura \u0219i elasticitatea.<\/p>\n<p>Posed\u0103 un efect anti-\u00eemb\u0103tr\u00e2nire, protej\u00e2nd fibrele de p\u0103r \u00eempotriva deterior\u0103rii cauzate de factorii externi \u0219i radicalii liberi. Asigur\u0103 o hidratare profund\u0103, men\u021bin\u00e2nd umiditatea optim\u0103 a firelor de p\u0103r.<\/p>\n<p>Previne uscarea \u0219i fragilitatea p\u0103rului, l\u0103s\u00e2ndu-l moale, str\u0103lucitor \u0219i u\u0219or de gestionat.<\/p>\n<p>Produsul ac\u021bioneaz\u0103 ca un scut protector, prelungind via\u021ba \u0219i frumuse\u021bea p\u0103rului, oferind \u00een acela\u0219i timp o textur\u0103 m\u0103t\u0103soas\u0103 \u0219i un aspect s\u0103n\u0103tos.<\/p>","protected":false},"featured_media":1260,"comment_status":"open","ping_status":"closed","template":"","meta":[],"product_brand":[],"product_cat":[142],"product_tag":[],"class_list":{"0":"post-1290","1":"product","2":"type-product","3":"status-publish","4":"has-post-thumbnail","6":"product_cat-hidratare","8":"first","9":"instock","10":"shipping-taxable","11":"product-type-simple"},"_links":{"self":[{"href":"https:\/\/donatti.md\/ru\/wp-json\/wp\/v2\/product\/1290","targetHints":{"allow":["GET"]}}],"collection":[{"href":"https:\/\/donatti.md\/ru\/wp-json\/wp\/v2\/product"}],"about":[{"href":"https:\/\/donatti.md\/ru\/wp-json\/wp\/v2\/types\/product"}],"replies":[{"embeddable":true,"href":"https:\/\/donatti.md\/ru\/wp-json\/wp\/v2\/comments?post=1290"}],"wp:featuredmedia":[{"embeddable":true,"href":"https:\/\/donatti.md\/ru\/wp-json\/wp\/v2\/media\/1260"}],"wp:attachment":[{"href":"https:\/\/donatti.md\/ru\/wp-json\/wp\/v2\/media?parent=1290"}],"wp:term":[{"taxonomy":"product_brand","embeddable":true,"href":"https:\/\/donatti.md\/ru\/wp-json\/wp\/v2\/product_brand?post=1290"},{"taxonomy":"product_cat","embeddable":true,"href":"https:\/\/donatti.md\/ru\/wp-json\/wp\/v2\/product_cat?post=1290"},{"taxonomy":"product_tag","embeddable":true,"href":"https:\/\/donatti.md\/ru\/wp-json\/wp\/v2\/product_tag?post=1290"}],"curies":[{"name":"wp","href":"https:\/\/api.w.org\/{rel}","templated":true}]}}