{"id":1286,"date":"2024-05-14T19:55:16","date_gmt":"2024-05-14T19:55:16","guid":{"rendered":"https:\/\/donatti.md\/?post_type=product&#038;p=1286"},"modified":"2025-10-08T13:00:42","modified_gmt":"2025-10-08T10:00:42","slug":"gloss-120-ml","status":"publish","type":"product","link":"https:\/\/donatti.md\/ru\/catalog\/aranjare\/gloss-120-ml\/","title":{"rendered":"GLOSS 100 ML"},"content":{"rendered":"","protected":false},"excerpt":{"rendered":"<p>Un produs inovator creat pentru a ad\u0103uga str\u0103lucire \u0219i a \u00eembl\u00e2nzi p\u0103rul, cu o formul\u0103 special\u0103 care ajut\u0103 la rezisten\u021ba \u00eempotriva umidit\u0103\u021bii \u0219i la men\u021binerea moliciunii, prelungind durata coafurii \u0219i l\u0103s\u00e2nd un miros pl\u0103cut.<\/p>","protected":false},"featured_media":1800,"comment_status":"open","ping_status":"closed","template":"","meta":[],"product_brand":[],"product_cat":[147],"product_tag":[],"class_list":{"0":"post-1286","1":"product","2":"type-product","3":"status-publish","4":"has-post-thumbnail","6":"product_cat-aranjare","8":"first","9":"instock","10":"shipping-taxable","11":"purchasable","12":"product-type-simple"},"_links":{"self":[{"href":"https:\/\/donatti.md\/ru\/wp-json\/wp\/v2\/product\/1286","targetHints":{"allow":["GET"]}}],"collection":[{"href":"https:\/\/donatti.md\/ru\/wp-json\/wp\/v2\/product"}],"about":[{"href":"https:\/\/donatti.md\/ru\/wp-json\/wp\/v2\/types\/product"}],"replies":[{"embeddable":true,"href":"https:\/\/donatti.md\/ru\/wp-json\/wp\/v2\/comments?post=1286"}],"wp:featuredmedia":[{"embeddable":true,"href":"https:\/\/donatti.md\/ru\/wp-json\/wp\/v2\/media\/1800"}],"wp:attachment":[{"href":"https:\/\/donatti.md\/ru\/wp-json\/wp\/v2\/media?parent=1286"}],"wp:term":[{"taxonomy":"product_brand","embeddable":true,"href":"https:\/\/donatti.md\/ru\/wp-json\/wp\/v2\/product_brand?post=1286"},{"taxonomy":"product_cat","embeddable":true,"href":"https:\/\/donatti.md\/ru\/wp-json\/wp\/v2\/product_cat?post=1286"},{"taxonomy":"product_tag","embeddable":true,"href":"https:\/\/donatti.md\/ru\/wp-json\/wp\/v2\/product_tag?post=1286"}],"curies":[{"name":"wp","href":"https:\/\/api.w.org\/{rel}","templated":true}]}}