{"id":1285,"date":"2024-05-14T19:50:19","date_gmt":"2024-05-14T19:50:19","guid":{"rendered":"https:\/\/donatti.md\/?post_type=product&#038;p=1285"},"modified":"2025-01-02T11:43:17","modified_gmt":"2025-01-02T08:43:17","slug":"soluzzione-otto-bbcream-500gr","status":"publish","type":"product","link":"https:\/\/donatti.md\/ru\/catalog\/nutritie\/soluzzione-otto-bbcream-500gr\/","title":{"rendered":"SOLUZZIONE \u041e\u0422\u0422\u041e BBC\u041a\u0420\u0415\u041c \u2013 500\u0413\u0420"},"content":{"rendered":"","protected":false},"excerpt":{"rendered":"<p>Func\u021bioneaz\u0103 eficient pentru repararea firelor fragile \u0219i poroase, red\u00e2ndu-le str\u0103lucirea natural\u0103.<\/p>\n<p>Este un produs multifunc\u021bional, ideal pentru protejarea \u00eempotriva usc\u0103rii \u0219i revitalizarea p\u0103rului.<\/p>\n<p>Formulat cu un amestec de uleiuri cu multiple beneficii \u0219i agen\u021bi de hr\u0103nire de \u00eenalt\u0103 performan\u021b\u0103, acest tratament catifeleaz\u0103 p\u0103rul \u0219i \u00eei ofer\u0103 o nutri\u021bie instantanee, contracar\u00e2nd deteriorarea cauzat\u0103 de procesele chimice \u0219i factorii externi.<\/p>","protected":false},"featured_media":1197,"comment_status":"open","ping_status":"closed","template":"","meta":[],"product_brand":[],"product_cat":[144],"product_tag":[],"class_list":{"0":"post-1285","1":"product","2":"type-product","3":"status-publish","4":"has-post-thumbnail","6":"product_cat-nutritie","8":"first","9":"instock","10":"shipping-taxable","11":"product-type-simple"},"_links":{"self":[{"href":"https:\/\/donatti.md\/ru\/wp-json\/wp\/v2\/product\/1285","targetHints":{"allow":["GET"]}}],"collection":[{"href":"https:\/\/donatti.md\/ru\/wp-json\/wp\/v2\/product"}],"about":[{"href":"https:\/\/donatti.md\/ru\/wp-json\/wp\/v2\/types\/product"}],"replies":[{"embeddable":true,"href":"https:\/\/donatti.md\/ru\/wp-json\/wp\/v2\/comments?post=1285"}],"wp:featuredmedia":[{"embeddable":true,"href":"https:\/\/donatti.md\/ru\/wp-json\/wp\/v2\/media\/1197"}],"wp:attachment":[{"href":"https:\/\/donatti.md\/ru\/wp-json\/wp\/v2\/media?parent=1285"}],"wp:term":[{"taxonomy":"product_brand","embeddable":true,"href":"https:\/\/donatti.md\/ru\/wp-json\/wp\/v2\/product_brand?post=1285"},{"taxonomy":"product_cat","embeddable":true,"href":"https:\/\/donatti.md\/ru\/wp-json\/wp\/v2\/product_cat?post=1285"},{"taxonomy":"product_tag","embeddable":true,"href":"https:\/\/donatti.md\/ru\/wp-json\/wp\/v2\/product_tag?post=1285"}],"curies":[{"name":"wp","href":"https:\/\/api.w.org\/{rel}","templated":true}]}}