{"id":1284,"date":"2024-05-14T19:49:28","date_gmt":"2024-05-14T19:49:28","guid":{"rendered":"https:\/\/donatti.md\/?post_type=product&#038;p=1284"},"modified":"2025-11-25T18:40:09","modified_gmt":"2025-11-25T15:40:09","slug":"soluzzione-complexo-restaurador-1l","status":"publish","type":"product","link":"https:\/\/donatti.md\/ru\/catalog\/nutritie\/soluzzione-complexo-restaurador-1l\/","title":{"rendered":"SOLUZZIONE COMPLEXO RESTAURADOR \u2013 1\u043b."},"content":{"rendered":"","protected":false},"excerpt":{"rendered":"<p>Con\u021bine polimeri de condi\u021bionare \u0219i proteine care promoveaz\u0103 repararea, protec\u021bia \u0219i descurcarea, u\u0219ur\u00e2nd piept\u0103narea. Reorganizeaza fibra capilara si are o putere adeziva mare. Are efect de p\u00e2nz\u0103 de p\u0103ianjen, facilit\u00e2nd absorb\u021bia nutrien\u021bilor \u0219i cresc\u00e2nd profitabilitatea.<\/p>","protected":false},"featured_media":1196,"comment_status":"open","ping_status":"closed","template":"","meta":[],"product_brand":[],"product_cat":[144],"product_tag":[],"class_list":{"0":"post-1284","1":"product","2":"type-product","3":"status-publish","4":"has-post-thumbnail","6":"product_cat-nutritie","8":"first","9":"instock","10":"shipping-taxable","11":"product-type-simple"},"_links":{"self":[{"href":"https:\/\/donatti.md\/ru\/wp-json\/wp\/v2\/product\/1284","targetHints":{"allow":["GET"]}}],"collection":[{"href":"https:\/\/donatti.md\/ru\/wp-json\/wp\/v2\/product"}],"about":[{"href":"https:\/\/donatti.md\/ru\/wp-json\/wp\/v2\/types\/product"}],"replies":[{"embeddable":true,"href":"https:\/\/donatti.md\/ru\/wp-json\/wp\/v2\/comments?post=1284"}],"wp:featuredmedia":[{"embeddable":true,"href":"https:\/\/donatti.md\/ru\/wp-json\/wp\/v2\/media\/1196"}],"wp:attachment":[{"href":"https:\/\/donatti.md\/ru\/wp-json\/wp\/v2\/media?parent=1284"}],"wp:term":[{"taxonomy":"product_brand","embeddable":true,"href":"https:\/\/donatti.md\/ru\/wp-json\/wp\/v2\/product_brand?post=1284"},{"taxonomy":"product_cat","embeddable":true,"href":"https:\/\/donatti.md\/ru\/wp-json\/wp\/v2\/product_cat?post=1284"},{"taxonomy":"product_tag","embeddable":true,"href":"https:\/\/donatti.md\/ru\/wp-json\/wp\/v2\/product_tag?post=1284"}],"curies":[{"name":"wp","href":"https:\/\/api.w.org\/{rel}","templated":true}]}}