{"id":1283,"date":"2024-05-14T19:48:46","date_gmt":"2024-05-14T19:48:46","guid":{"rendered":"https:\/\/donatti.md\/?post_type=product&#038;p=1283"},"modified":"2024-09-01T01:08:57","modified_gmt":"2024-08-31T22:08:57","slug":"soluzzione-shampoo-complexo-restaurador-1l","status":"publish","type":"product","link":"https:\/\/donatti.md\/ru\/catalog\/nutritie\/soluzzione-shampoo-complexo-restaurador-1l\/","title":{"rendered":"SOLUZZIONE \u0428\u0410\u041c\u041f\u0423\u041d\u042c \u041a\u041e\u041c\u041f\u041b\u0415\u041a\u0421\u041e \u0420\u0415\u0421\u0422\u0410\u0423\u0420\u0410\u0414\u041e\u0420 \u2013 1\u041b"},"content":{"rendered":"","protected":false},"excerpt":{"rendered":"<p>Soluzione NUTRI POLIMERIC \u00cencorporeaz\u0103 polimerii \u0219i uleiurile de condi\u021bionare exotice (calamus, smirn\u0103, m\u0103sline \u0219i scor\u021bi\u0219oar\u0103), alimenteaz\u0103 firele \u00een profunzime, repar\u0103 \u0219i protejeaz\u0103.<\/p>\n<p>Reorganizeaz\u0103 structura fibrei capilare, oferind o puternic\u0103 protec\u021bie \u0219i facilit\u00e2nd coafarea.<\/p>\n<p>Ideal pentru p\u0103rul tratat chimic, cu deficien\u021be nutri\u021bionale \u0219i lipsit de str\u0103lucire.<\/p>","protected":false},"featured_media":1195,"comment_status":"open","ping_status":"closed","template":"","meta":[],"product_brand":[],"product_cat":[144],"product_tag":[],"class_list":{"0":"post-1283","1":"product","2":"type-product","3":"status-publish","4":"has-post-thumbnail","6":"product_cat-nutritie","8":"first","9":"instock","10":"taxable","11":"shipping-taxable","12":"product-type-simple"},"_links":{"self":[{"href":"https:\/\/donatti.md\/ru\/wp-json\/wp\/v2\/product\/1283","targetHints":{"allow":["GET"]}}],"collection":[{"href":"https:\/\/donatti.md\/ru\/wp-json\/wp\/v2\/product"}],"about":[{"href":"https:\/\/donatti.md\/ru\/wp-json\/wp\/v2\/types\/product"}],"replies":[{"embeddable":true,"href":"https:\/\/donatti.md\/ru\/wp-json\/wp\/v2\/comments?post=1283"}],"wp:featuredmedia":[{"embeddable":true,"href":"https:\/\/donatti.md\/ru\/wp-json\/wp\/v2\/media\/1195"}],"wp:attachment":[{"href":"https:\/\/donatti.md\/ru\/wp-json\/wp\/v2\/media?parent=1283"}],"wp:term":[{"taxonomy":"product_brand","embeddable":true,"href":"https:\/\/donatti.md\/ru\/wp-json\/wp\/v2\/product_brand?post=1283"},{"taxonomy":"product_cat","embeddable":true,"href":"https:\/\/donatti.md\/ru\/wp-json\/wp\/v2\/product_cat?post=1283"},{"taxonomy":"product_tag","embeddable":true,"href":"https:\/\/donatti.md\/ru\/wp-json\/wp\/v2\/product_tag?post=1283"}],"curies":[{"name":"wp","href":"https:\/\/api.w.org\/{rel}","templated":true}]}}