{"id":1282,"date":"2024-05-14T19:47:03","date_gmt":"2024-05-14T19:47:03","guid":{"rendered":"https:\/\/donatti.md\/?post_type=product&#038;p=1282"},"modified":"2024-09-01T01:08:57","modified_gmt":"2024-08-31T22:08:57","slug":"d-restauratti-up-protector-prof-step-2-300g","status":"publish","type":"product","link":"https:\/\/donatti.md\/ru\/catalog\/reconstructie\/d-restauratti-up-protector-prof-step-2-300g\/","title":{"rendered":"RESTAURATTI UP PROTECTOR PROF STEP 2 300G"},"content":{"rendered":"","protected":false},"excerpt":{"rendered":"<p>Utiliz\u00e2nd tehnologia peliculei protectoare,\u00a0 ac\u021bioneaz\u0103 ca un finisaj ce confer\u0103 str\u0103lucire \u0219i protec\u021bie.<\/p>\n<p>Ajut\u0103 la reconstituirea cuticulei \u0219i restructurarea exteriorul firului de p\u0103r, prelungind rezultatele ob\u021binute \u00een urma utiliz\u0103rii Pasului 1.<\/p>\n<p>Nu necesit\u0103 cl\u0103tire.<\/p>","protected":false},"featured_media":1238,"comment_status":"open","ping_status":"closed","template":"","meta":[],"product_brand":[],"product_cat":[146],"product_tag":[],"class_list":{"0":"post-1282","1":"product","2":"type-product","3":"status-publish","4":"has-post-thumbnail","6":"product_cat-reconstructie","8":"first","9":"instock","10":"shipping-taxable","11":"product-type-simple"},"_links":{"self":[{"href":"https:\/\/donatti.md\/ru\/wp-json\/wp\/v2\/product\/1282","targetHints":{"allow":["GET"]}}],"collection":[{"href":"https:\/\/donatti.md\/ru\/wp-json\/wp\/v2\/product"}],"about":[{"href":"https:\/\/donatti.md\/ru\/wp-json\/wp\/v2\/types\/product"}],"replies":[{"embeddable":true,"href":"https:\/\/donatti.md\/ru\/wp-json\/wp\/v2\/comments?post=1282"}],"wp:featuredmedia":[{"embeddable":true,"href":"https:\/\/donatti.md\/ru\/wp-json\/wp\/v2\/media\/1238"}],"wp:attachment":[{"href":"https:\/\/donatti.md\/ru\/wp-json\/wp\/v2\/media?parent=1282"}],"wp:term":[{"taxonomy":"product_brand","embeddable":true,"href":"https:\/\/donatti.md\/ru\/wp-json\/wp\/v2\/product_brand?post=1282"},{"taxonomy":"product_cat","embeddable":true,"href":"https:\/\/donatti.md\/ru\/wp-json\/wp\/v2\/product_cat?post=1282"},{"taxonomy":"product_tag","embeddable":true,"href":"https:\/\/donatti.md\/ru\/wp-json\/wp\/v2\/product_tag?post=1282"}],"curies":[{"name":"wp","href":"https:\/\/api.w.org\/{rel}","templated":true}]}}