{"id":1281,"date":"2024-05-14T19:46:20","date_gmt":"2024-05-14T19:46:20","guid":{"rendered":"https:\/\/donatti.md\/?post_type=product&#038;p=1281"},"modified":"2024-09-01T01:08:58","modified_gmt":"2024-08-31T22:08:58","slug":"d-restauratti-up-instant-prof-step-1-300g","status":"publish","type":"product","link":"https:\/\/donatti.md\/ru\/catalog\/reconstructie\/d-restauratti-up-instant-prof-step-1-300g\/","title":{"rendered":"RESTAURATTI UP INSTANT PROF STEP 1 300G"},"content":{"rendered":"","protected":false},"excerpt":{"rendered":"<p>INSTANT UP: ac\u021bioneaz\u0103 instantaneu asupra reconstruc\u021biei fibrelor capilare interne \u0219i externe.<\/p>\n<p>\u00cenl\u0103tur\u0103 \u00eencurcarea firelor, restabilind puterea \u0219i structura.<\/p>\n<p>La aplicare formeaz\u0103 o pelicul\u0103 protectoare care prelunge\u0219te efectul de tratament.<\/p>\n<p>Se recomand\u0103 pentru p\u0103r cauciucat \u0219i nestructurat.<\/p>","protected":false},"featured_media":1237,"comment_status":"open","ping_status":"closed","template":"","meta":[],"product_brand":[],"product_cat":[146],"product_tag":[],"class_list":{"0":"post-1281","1":"product","2":"type-product","3":"status-publish","4":"has-post-thumbnail","6":"product_cat-reconstructie","8":"first","9":"instock","10":"shipping-taxable","11":"product-type-simple"},"_links":{"self":[{"href":"https:\/\/donatti.md\/ru\/wp-json\/wp\/v2\/product\/1281","targetHints":{"allow":["GET"]}}],"collection":[{"href":"https:\/\/donatti.md\/ru\/wp-json\/wp\/v2\/product"}],"about":[{"href":"https:\/\/donatti.md\/ru\/wp-json\/wp\/v2\/types\/product"}],"replies":[{"embeddable":true,"href":"https:\/\/donatti.md\/ru\/wp-json\/wp\/v2\/comments?post=1281"}],"wp:featuredmedia":[{"embeddable":true,"href":"https:\/\/donatti.md\/ru\/wp-json\/wp\/v2\/media\/1237"}],"wp:attachment":[{"href":"https:\/\/donatti.md\/ru\/wp-json\/wp\/v2\/media?parent=1281"}],"wp:term":[{"taxonomy":"product_brand","embeddable":true,"href":"https:\/\/donatti.md\/ru\/wp-json\/wp\/v2\/product_brand?post=1281"},{"taxonomy":"product_cat","embeddable":true,"href":"https:\/\/donatti.md\/ru\/wp-json\/wp\/v2\/product_cat?post=1281"},{"taxonomy":"product_tag","embeddable":true,"href":"https:\/\/donatti.md\/ru\/wp-json\/wp\/v2\/product_tag?post=1281"}],"curies":[{"name":"wp","href":"https:\/\/api.w.org\/{rel}","templated":true}]}}