{"id":1279,"date":"2024-05-14T19:44:03","date_gmt":"2024-05-14T19:44:03","guid":{"rendered":"https:\/\/donatti.md\/?post_type=product&#038;p=1279"},"modified":"2024-09-01T15:01:09","modified_gmt":"2024-09-01T12:01:09","slug":"d-speciale-mask-prof-1000g","status":"publish","type":"product","link":"https:\/\/donatti.md\/ru\/catalog\/pregatire\/d-speciale-mask-prof-1000g\/","title":{"rendered":"SPECIALE MASK PROF 1000G"},"content":{"rendered":"","protected":false},"excerpt":{"rendered":"<p>Asigur\u0103 o hidratare profund\u0103 \u0219i reten\u021bia optim\u0103 a umidit\u0103\u021bii \u00een p\u0103r.<\/p>\n<p>Formula sa cu pH acid \u0219i agen\u021bi cationici ajut\u0103 la echilibrarea sarcinilor electrice \u0219i la reducerea \u00eencre\u021birii, l\u0103s\u00e2nd p\u0103rul neted \u0219i u\u0219or de descurcat.<\/p>","protected":false},"featured_media":1205,"comment_status":"open","ping_status":"closed","template":"","meta":[],"product_brand":[],"product_cat":[145],"product_tag":[],"class_list":{"0":"post-1279","1":"product","2":"type-product","3":"status-publish","4":"has-post-thumbnail","6":"product_cat-pregatire","8":"first","9":"instock","10":"shipping-taxable","11":"product-type-simple"},"_links":{"self":[{"href":"https:\/\/donatti.md\/ru\/wp-json\/wp\/v2\/product\/1279","targetHints":{"allow":["GET"]}}],"collection":[{"href":"https:\/\/donatti.md\/ru\/wp-json\/wp\/v2\/product"}],"about":[{"href":"https:\/\/donatti.md\/ru\/wp-json\/wp\/v2\/types\/product"}],"replies":[{"embeddable":true,"href":"https:\/\/donatti.md\/ru\/wp-json\/wp\/v2\/comments?post=1279"}],"wp:featuredmedia":[{"embeddable":true,"href":"https:\/\/donatti.md\/ru\/wp-json\/wp\/v2\/media\/1205"}],"wp:attachment":[{"href":"https:\/\/donatti.md\/ru\/wp-json\/wp\/v2\/media?parent=1279"}],"wp:term":[{"taxonomy":"product_brand","embeddable":true,"href":"https:\/\/donatti.md\/ru\/wp-json\/wp\/v2\/product_brand?post=1279"},{"taxonomy":"product_cat","embeddable":true,"href":"https:\/\/donatti.md\/ru\/wp-json\/wp\/v2\/product_cat?post=1279"},{"taxonomy":"product_tag","embeddable":true,"href":"https:\/\/donatti.md\/ru\/wp-json\/wp\/v2\/product_tag?post=1279"}],"curies":[{"name":"wp","href":"https:\/\/api.w.org\/{rel}","templated":true}]}}