{"id":1277,"date":"2024-05-14T19:41:08","date_gmt":"2024-05-14T19:41:08","guid":{"rendered":"https:\/\/donatti.md\/?post_type=product&#038;p=1277"},"modified":"2026-02-18T12:35:30","modified_gmt":"2026-02-18T09:35:30","slug":"d-melt-reconstructor-msck-500g","status":"publish","type":"product","link":"https:\/\/donatti.md\/ru\/catalog\/nutritie\/d-melt-reconstructor-msck-500g\/","title":{"rendered":"\u041c\u0430\u0441\u043a\u0430 MELT RECONSTRUCTOR 500G"},"content":{"rendered":"","protected":false},"excerpt":{"rendered":"<p>Hr\u0103nire intens\u0103 \u0219i descurcare pentru p\u0103rul uscat \u0219i tratat chimic.<\/p>\n<p>Ofer\u0103 o hidratare profund\u0103, l\u0103s\u00e2nd p\u0103rul m\u0103t\u0103sos, catifelat \u0219i str\u0103lucitor.<\/p>\n<p>Perfect\u0103 pentru revitalizarea p\u0103rului deteriorat, asigur\u0103 o reparare eficient\u0103 \u0219i restabile\u0219te s\u0103n\u0103tatea \u0219i frumuse\u021bea natural\u0103 a p\u0103rului.<\/p>","protected":false},"featured_media":1219,"comment_status":"open","ping_status":"closed","template":"","meta":[],"product_brand":[],"product_cat":[144],"product_tag":[],"class_list":{"0":"post-1277","1":"product","2":"type-product","3":"status-publish","4":"has-post-thumbnail","6":"product_cat-nutritie","8":"first","9":"instock","10":"shipping-taxable","11":"purchasable","12":"product-type-simple"},"_links":{"self":[{"href":"https:\/\/donatti.md\/ru\/wp-json\/wp\/v2\/product\/1277","targetHints":{"allow":["GET"]}}],"collection":[{"href":"https:\/\/donatti.md\/ru\/wp-json\/wp\/v2\/product"}],"about":[{"href":"https:\/\/donatti.md\/ru\/wp-json\/wp\/v2\/types\/product"}],"replies":[{"embeddable":true,"href":"https:\/\/donatti.md\/ru\/wp-json\/wp\/v2\/comments?post=1277"}],"wp:featuredmedia":[{"embeddable":true,"href":"https:\/\/donatti.md\/ru\/wp-json\/wp\/v2\/media\/1219"}],"wp:attachment":[{"href":"https:\/\/donatti.md\/ru\/wp-json\/wp\/v2\/media?parent=1277"}],"wp:term":[{"taxonomy":"product_brand","embeddable":true,"href":"https:\/\/donatti.md\/ru\/wp-json\/wp\/v2\/product_brand?post=1277"},{"taxonomy":"product_cat","embeddable":true,"href":"https:\/\/donatti.md\/ru\/wp-json\/wp\/v2\/product_cat?post=1277"},{"taxonomy":"product_tag","embeddable":true,"href":"https:\/\/donatti.md\/ru\/wp-json\/wp\/v2\/product_tag?post=1277"}],"curies":[{"name":"wp","href":"https:\/\/api.w.org\/{rel}","templated":true}]}}