{"id":1276,"date":"2024-05-14T19:39:00","date_gmt":"2024-05-14T19:39:00","guid":{"rendered":"https:\/\/donatti.md\/?post_type=product&#038;p=1276"},"modified":"2026-02-18T12:24:14","modified_gmt":"2026-02-18T09:24:14","slug":"d-melt-reconstructor-shampoo-500g","status":"publish","type":"product","link":"https:\/\/donatti.md\/ru\/catalog\/nutritie\/d-melt-reconstructor-shampoo-500g\/","title":{"rendered":"MELT RECONSTRUCTOR SHAMPOO 500G"},"content":{"rendered":"","protected":false},"excerpt":{"rendered":"<p>Melt Up AMINO ESTRUTURAL\u00a0Perfect potrivit pentru p\u0103rul fin, greu de descurcat \u0219i f\u0103r\u0103 str\u0103lucire.<\/p>\n<p>Formula sa avansat\u0103 con\u021bine acid glutamic, serin\u0103 \u0219i cistein\u0103 functionalizat\u0103, oferind o m\u0103t\u0103sare imediat\u0103 \u0219i reduc\u00e2nd daunele mecanice, chimice \u0219i structurale.<\/p>\n<p>Acest produs spore\u0219te str\u0103lucirea firelor de p\u0103r \u0219i ofer\u0103 o protec\u021bie global\u0103 \u00eempotriva \u00eemb\u0103tr\u00e2nirii p\u0103rului.<\/p>\n<p>Potrivit pentru p\u0103rul fin, cu volum redus, uleios, uscat \u0219i sensibilizat.<\/p>\n<p>&nbsp;<\/p>\n<p>&nbsp;<\/p>","protected":false},"featured_media":1131,"comment_status":"open","ping_status":"closed","template":"","meta":[],"product_brand":[],"product_cat":[144],"product_tag":[],"class_list":{"0":"post-1276","1":"product","2":"type-product","3":"status-publish","4":"has-post-thumbnail","6":"product_cat-nutritie","8":"first","9":"outofstock","10":"shipping-taxable","11":"purchasable","12":"product-type-simple"},"_links":{"self":[{"href":"https:\/\/donatti.md\/ru\/wp-json\/wp\/v2\/product\/1276","targetHints":{"allow":["GET"]}}],"collection":[{"href":"https:\/\/donatti.md\/ru\/wp-json\/wp\/v2\/product"}],"about":[{"href":"https:\/\/donatti.md\/ru\/wp-json\/wp\/v2\/types\/product"}],"replies":[{"embeddable":true,"href":"https:\/\/donatti.md\/ru\/wp-json\/wp\/v2\/comments?post=1276"}],"wp:featuredmedia":[{"embeddable":true,"href":"https:\/\/donatti.md\/ru\/wp-json\/wp\/v2\/media\/1131"}],"wp:attachment":[{"href":"https:\/\/donatti.md\/ru\/wp-json\/wp\/v2\/media?parent=1276"}],"wp:term":[{"taxonomy":"product_brand","embeddable":true,"href":"https:\/\/donatti.md\/ru\/wp-json\/wp\/v2\/product_brand?post=1276"},{"taxonomy":"product_cat","embeddable":true,"href":"https:\/\/donatti.md\/ru\/wp-json\/wp\/v2\/product_cat?post=1276"},{"taxonomy":"product_tag","embeddable":true,"href":"https:\/\/donatti.md\/ru\/wp-json\/wp\/v2\/product_tag?post=1276"}],"curies":[{"name":"wp","href":"https:\/\/api.w.org\/{rel}","templated":true}]}}