{"id":1272,"date":"2024-05-14T18:55:54","date_gmt":"2024-05-14T18:55:54","guid":{"rendered":"https:\/\/donatti.md\/?post_type=product&#038;p=1272"},"modified":"2024-09-02T21:15:37","modified_gmt":"2024-09-02T18:15:37","slug":"d-detox-argan-carbon-repositor-prof-1000g","status":"publish","type":"product","link":"https:\/\/donatti.md\/ru\/catalog\/hidratare\/d-detox-argan-carbon-repositor-prof-1000g\/","title":{"rendered":"DETOX ARGAN CARBON REPOSITOR PROF 1000G"},"content":{"rendered":"","protected":false},"excerpt":{"rendered":"<p>REPOSITOR CARBON \u2022 PASUL 2 \u2022 1000 ml Bogat \u00een agen\u021bi cationici, promoveaz\u0103 restaurarea masei capilare, l\u0103s\u00e2nd p\u0103rul m\u0103t\u0103sos, str\u0103lucitor \u0219i echilibrat \u00een mod natural.<\/p>\n<p>Formula sa avansat\u0103 asigur\u0103 o hidratare profund\u0103, contribuind la men\u021binerea s\u0103n\u0103t\u0103\u021bii \u0219i vitalit\u0103\u021bii p\u0103rului<\/p>","protected":false},"featured_media":1193,"comment_status":"open","ping_status":"closed","template":"","meta":[],"product_brand":[],"product_cat":[142],"product_tag":[],"class_list":{"0":"post-1272","1":"product","2":"type-product","3":"status-publish","4":"has-post-thumbnail","6":"product_cat-hidratare","8":"first","9":"instock","10":"shipping-taxable","11":"product-type-simple"},"_links":{"self":[{"href":"https:\/\/donatti.md\/ru\/wp-json\/wp\/v2\/product\/1272","targetHints":{"allow":["GET"]}}],"collection":[{"href":"https:\/\/donatti.md\/ru\/wp-json\/wp\/v2\/product"}],"about":[{"href":"https:\/\/donatti.md\/ru\/wp-json\/wp\/v2\/types\/product"}],"replies":[{"embeddable":true,"href":"https:\/\/donatti.md\/ru\/wp-json\/wp\/v2\/comments?post=1272"}],"wp:featuredmedia":[{"embeddable":true,"href":"https:\/\/donatti.md\/ru\/wp-json\/wp\/v2\/media\/1193"}],"wp:attachment":[{"href":"https:\/\/donatti.md\/ru\/wp-json\/wp\/v2\/media?parent=1272"}],"wp:term":[{"taxonomy":"product_brand","embeddable":true,"href":"https:\/\/donatti.md\/ru\/wp-json\/wp\/v2\/product_brand?post=1272"},{"taxonomy":"product_cat","embeddable":true,"href":"https:\/\/donatti.md\/ru\/wp-json\/wp\/v2\/product_cat?post=1272"},{"taxonomy":"product_tag","embeddable":true,"href":"https:\/\/donatti.md\/ru\/wp-json\/wp\/v2\/product_tag?post=1272"}],"curies":[{"name":"wp","href":"https:\/\/api.w.org\/{rel}","templated":true}]}}