{"id":1270,"date":"2024-05-14T18:54:21","date_gmt":"2024-05-14T18:54:21","guid":{"rendered":"https:\/\/donatti.md\/?post_type=product&#038;p=1270"},"modified":"2025-01-26T14:39:38","modified_gmt":"2025-01-26T11:39:38","slug":"d-detox-argan-refreshing-shampoo-prof-1000g","status":"publish","type":"product","link":"https:\/\/donatti.md\/ru\/catalog\/hidratare\/d-detox-argan-refreshing-shampoo-prof-1000g\/","title":{"rendered":"DETOX ARGAN REFRESHING SHAMPOO PROF 1000G"},"content":{"rendered":"","protected":false},"excerpt":{"rendered":"<p>SAMPON RACORITOR \u2022 PASUL 1 \u2022 1000 ml\u00a0\u0218ampon astringent \u0219i decongestionat \u00eemprosp\u0103teaz\u0103 scalpul \u0219i promoveaz\u0103 cur\u0103\u021benia \u0219i detoxifierea acestuia.<\/p>\n<p>Regleaz\u0103 excesul de uleiuri, contribuind la men\u021binerea unor fire de p\u0103r mai curate pentru o perioad\u0103 mai \u00eendelungat\u0103.<\/p>","protected":false},"featured_media":1192,"comment_status":"open","ping_status":"closed","template":"","meta":[],"product_brand":[],"product_cat":[142],"product_tag":[],"class_list":{"0":"post-1270","1":"product","2":"type-product","3":"status-publish","4":"has-post-thumbnail","6":"product_cat-hidratare","8":"first","9":"instock","10":"shipping-taxable","11":"product-type-simple"},"_links":{"self":[{"href":"https:\/\/donatti.md\/ru\/wp-json\/wp\/v2\/product\/1270","targetHints":{"allow":["GET"]}}],"collection":[{"href":"https:\/\/donatti.md\/ru\/wp-json\/wp\/v2\/product"}],"about":[{"href":"https:\/\/donatti.md\/ru\/wp-json\/wp\/v2\/types\/product"}],"replies":[{"embeddable":true,"href":"https:\/\/donatti.md\/ru\/wp-json\/wp\/v2\/comments?post=1270"}],"wp:featuredmedia":[{"embeddable":true,"href":"https:\/\/donatti.md\/ru\/wp-json\/wp\/v2\/media\/1192"}],"wp:attachment":[{"href":"https:\/\/donatti.md\/ru\/wp-json\/wp\/v2\/media?parent=1270"}],"wp:term":[{"taxonomy":"product_brand","embeddable":true,"href":"https:\/\/donatti.md\/ru\/wp-json\/wp\/v2\/product_brand?post=1270"},{"taxonomy":"product_cat","embeddable":true,"href":"https:\/\/donatti.md\/ru\/wp-json\/wp\/v2\/product_cat?post=1270"},{"taxonomy":"product_tag","embeddable":true,"href":"https:\/\/donatti.md\/ru\/wp-json\/wp\/v2\/product_tag?post=1270"}],"curies":[{"name":"wp","href":"https:\/\/api.w.org\/{rel}","templated":true}]}}