{"id":1269,"date":"2024-05-14T18:52:31","date_gmt":"2024-05-14T18:52:31","guid":{"rendered":"https:\/\/donatti.md\/?post_type=product&#038;p=1269"},"modified":"2025-01-02T11:46:00","modified_gmt":"2025-01-02T08:46:00","slug":"balsamo-acidificante-passo-2-1000-ml","status":"publish","type":"product","link":"https:\/\/donatti.md\/ru\/catalog\/hidratare\/balsamo-acidificante-passo-2-1000-ml\/","title":{"rendered":"\u0411\u0410\u041b\u042c\u0417\u0410\u041c-\u041a\u0418\u0421\u041b\u041e\u0422\u041a\u0410 \u2022 \u041f\u0410\u0421\u0421\u041e 2 \u2022 1000 \u043c\u043b"},"content":{"rendered":"","protected":false},"excerpt":{"rendered":"<p>BALSAM ACIDIFIANT \u2022 PASUL 2 \u2022 1000 ml\u00a0Formulat pentru a \u00eenchide cuticulele \u0219i a echilibra pH-ul p\u0103rului tratat chimic, acest balsam promoveaz\u0103 cur\u0103\u021birea \u0219i alinierea cuticular\u0103 perfect\u0103 a fiec\u0103rui fir.<\/p>\n<p>Rezultatul? Un p\u0103r s\u0103n\u0103tos, cu str\u0103lucire natural\u0103 \u0219i protejat \u00eempotriva factorilor de mediu nocivi.<\/p>","protected":false},"featured_media":1203,"comment_status":"open","ping_status":"closed","template":"","meta":[],"product_brand":[],"product_cat":[142],"product_tag":[],"class_list":{"0":"post-1269","1":"product","2":"type-product","3":"status-publish","4":"has-post-thumbnail","6":"product_cat-hidratare","8":"first","9":"instock","10":"shipping-taxable","11":"product-type-simple"},"_links":{"self":[{"href":"https:\/\/donatti.md\/ru\/wp-json\/wp\/v2\/product\/1269","targetHints":{"allow":["GET"]}}],"collection":[{"href":"https:\/\/donatti.md\/ru\/wp-json\/wp\/v2\/product"}],"about":[{"href":"https:\/\/donatti.md\/ru\/wp-json\/wp\/v2\/types\/product"}],"replies":[{"embeddable":true,"href":"https:\/\/donatti.md\/ru\/wp-json\/wp\/v2\/comments?post=1269"}],"wp:featuredmedia":[{"embeddable":true,"href":"https:\/\/donatti.md\/ru\/wp-json\/wp\/v2\/media\/1203"}],"wp:attachment":[{"href":"https:\/\/donatti.md\/ru\/wp-json\/wp\/v2\/media?parent=1269"}],"wp:term":[{"taxonomy":"product_brand","embeddable":true,"href":"https:\/\/donatti.md\/ru\/wp-json\/wp\/v2\/product_brand?post=1269"},{"taxonomy":"product_cat","embeddable":true,"href":"https:\/\/donatti.md\/ru\/wp-json\/wp\/v2\/product_cat?post=1269"},{"taxonomy":"product_tag","embeddable":true,"href":"https:\/\/donatti.md\/ru\/wp-json\/wp\/v2\/product_tag?post=1269"}],"curies":[{"name":"wp","href":"https:\/\/api.w.org\/{rel}","templated":true}]}}